{"id":19,"date":"2021-11-08T13:20:48","date_gmt":"2021-11-08T13:20:48","guid":{"rendered":"https:\/\/demo.artureanec.com\/themes\/energium\/?page_id=19"},"modified":"2025-08-14T23:32:36","modified_gmt":"2025-08-14T20:32:36","slug":"about-us","status":"publish","type":"page","link":"https:\/\/nordgroup.com.tr\/en\/about-us\/","title":{"rendered":"About Us"},"content":{"rendered":"<div data-elementor-type=\"wp-page\" data-elementor-id=\"19\" class=\"elementor elementor-19\">\n\t\t\t\t<div class=\"elementor-element elementor-element-53c5111 e-flex e-con-boxed e-con e-parent\" data-id=\"53c5111\" data-element_type=\"container\" data-e-type=\"container\">\n\t\t\t\t\t<div class=\"e-con-inner\">\n\t\t<div class=\"elementor-element elementor-element-9fe1084 e-con-full e-flex e-con e-child\" data-id=\"9fe1084\" data-element_type=\"container\" data-e-type=\"container\">\n\t\t\t\t<div class=\"elementor-element elementor-element-40fd3ff elementor-widget__width-initial elementor-hidden-tablet elementor-hidden-mobile elementor-widget elementor-widget-image\" data-id=\"40fd3ff\" data-element_type=\"widget\" data-e-type=\"widget\" data-widget_type=\"image.default\">\n\t\t\t\t\t\t\t\t\t\t\t\t\t\t\t<img loading=\"lazy\" decoding=\"async\" width=\"600\" height=\"130\" src=\"https:\/\/nordgroup.com.tr\/wp-content\/uploads\/2025\/08\/new-logo2.webp\" class=\"attachment-full size-full wp-image-7402\" alt=\"\" \/>\t\t\t\t\t\t\t\t\t\t\t\t\t\t\t<\/div>\n\t\t\t\t<\/div>\n\t\t<div class=\"elementor-element elementor-element-3b32ba0 e-con-full e-flex e-con e-child\" data-id=\"3b32ba0\" data-element_type=\"container\" data-e-type=\"container\">\n\t\t\t\t<div class=\"elementor-element elementor-element-f299921 elementor-widget elementor-widget-energium_heading\" data-id=\"f299921\" data-element_type=\"widget\" data-e-type=\"widget\" data-widget_type=\"energium_heading.default\">\n\t\t\t\t<div class=\"elementor-widget-container\">\n\t\t\t\t\t<div class=\"energium-heading-widget\"><h2 class=\"energium-heading\"><span class=\"energium-heading-content\">About Us<\/span><\/h2><\/div>\t\t\t\t<\/div>\n\t\t\t\t<\/div>\n\t\t\t\t<\/div>\n\t\t\t\t\t<\/div>\n\t\t\t\t<\/div>\n\t\t<div class=\"elementor-element elementor-element-1f6b04b e-flex e-con-boxed e-con e-parent\" data-id=\"1f6b04b\" data-element_type=\"container\" data-e-type=\"container\">\n\t\t\t\t\t<div class=\"e-con-inner\">\n\t\t\t\t<div class=\"elementor-element elementor-element-1f19ff0 elementor-widget elementor-widget-text-editor\" data-id=\"1f19ff0\" data-element_type=\"widget\" data-e-type=\"widget\" data-widget_type=\"text-editor.default\">\n\t\t\t\t\t\t\t\t\t<p><strong>Nord Group has started its commercial life in the sales and marketing of energy and data cables in the sector and continues its activities by developing its activities with the aim of offering copper, steel, aluminum and cable polymers, which constitute all cable components used in cable production, to cable manufacturers as raw materials.<\/strong><\/p><p>In addition to cable systems for energy transmission and distribution, it offers its customers high, medium and low voltage cables for the construction and infrastructure sectors, as well as comprehensive cable solutions for voice, video and data transmission within the scope of its wide product range.<\/p><p>Nord Group offers high quality products and complete technical solutions that not only meet the demands of its customers, but also exceed their expectations.<\/p><p>We offer the widest range of products and services in the sector to all our local and global customers with our high experience.<\/p><p>As Nord Group; In line with being a global cable solutions provider, we work with the aim of offering all innovations emerging in market trends to our customers.<\/p>\t\t\t\t\t\t\t\t<\/div>\n\t\t\t\t\t<\/div>\n\t\t\t\t<\/div>\n\t\t<div class=\"elementor-element elementor-element-2a74751 e-flex e-con-boxed e-con e-parent\" data-id=\"2a74751\" data-element_type=\"container\" data-e-type=\"container\">\n\t\t\t\t\t<div class=\"e-con-inner\">\n\t\t\t\t<div class=\"elementor-element elementor-element-329a72d elementor-widget elementor-widget-image\" data-id=\"329a72d\" data-element_type=\"widget\" data-e-type=\"widget\" data-widget_type=\"image.default\">\n\t\t\t\t\t\t\t\t\t\t\t\t\t\t\t<img loading=\"lazy\" decoding=\"async\" width=\"1920\" height=\"601\" src=\"https:\/\/nordgroup.com.tr\/wp-content\/uploads\/2025\/08\/ek-banner.webp\" class=\"attachment-full size-full wp-image-7482\" alt=\"\" srcset=\"https:\/\/nordgroup.com.tr\/wp-content\/uploads\/2025\/08\/ek-banner.webp 1920w, https:\/\/nordgroup.com.tr\/wp-content\/uploads\/2025\/08\/ek-banner-768x240.webp 768w, https:\/\/nordgroup.com.tr\/wp-content\/uploads\/2025\/08\/ek-banner-1536x481.webp 1536w\" sizes=\"auto, (max-width: 1920px) 100vw, 1920px\" \/>\t\t\t\t\t\t\t\t\t\t\t\t\t\t\t<\/div>\n\t\t\t\t\t<\/div>\n\t\t\t\t<\/div>\n\t\t\t\t<section class=\"elementor-section elementor-top-section elementor-element elementor-element-3338c5d elementor-section-boxed elementor-section-height-default elementor-section-height-default\" data-id=\"3338c5d\" data-element_type=\"section\" data-e-type=\"section\">\n\t\t\t\t\t\t<div class=\"elementor-container elementor-column-gap-default\">\n\t\t\t\t\t<div class=\"elementor-column elementor-col-100 elementor-top-column elementor-element elementor-element-56ea793\" data-id=\"56ea793\" data-element_type=\"column\" data-e-type=\"column\">\n\t\t\t<div class=\"elementor-widget-wrap elementor-element-populated\">\n\t\t\t\t\t\t<div class=\"elementor-element elementor-element-c13e4b4 elementor-widget__width-initial elementor-absolute elementor-hidden-mobile elementor-widget elementor-widget-image\" data-id=\"c13e4b4\" data-element_type=\"widget\" data-e-type=\"widget\" data-settings=\"{&quot;_position&quot;:&quot;absolute&quot;}\" data-widget_type=\"image.default\">\n\t\t\t\t\t\t\t\t\t\t\t\t\t\t\t<img loading=\"lazy\" decoding=\"async\" width=\"586\" height=\"630\" src=\"https:\/\/nordgroup.com.tr\/wp-content\/uploads\/2022\/01\/home1-bg1.png\" class=\"attachment-full size-full wp-image-880\" alt=\"\" srcset=\"https:\/\/nordgroup.com.tr\/wp-content\/uploads\/2022\/01\/home1-bg1.png 586w, https:\/\/nordgroup.com.tr\/wp-content\/uploads\/2022\/01\/home1-bg1-279x300.png 279w\" sizes=\"auto, (max-width: 586px) 100vw, 586px\" \/>\t\t\t\t\t\t\t\t\t\t\t\t\t\t\t<\/div>\n\t\t\t\t<div class=\"elementor-element elementor-element-1e74f31 elementor-widget elementor-widget-image\" data-id=\"1e74f31\" data-element_type=\"widget\" data-e-type=\"widget\" data-widget_type=\"image.default\">\n\t\t\t\t\t\t\t\t\t\t\t\t\t\t\t<img loading=\"lazy\" decoding=\"async\" width=\"512\" height=\"512\" src=\"https:\/\/nordgroup.com.tr\/wp-content\/uploads\/2025\/08\/cropped-nge-favicon-1.webp\" class=\"attachment-full size-full wp-image-7350\" alt=\"\" srcset=\"https:\/\/nordgroup.com.tr\/wp-content\/uploads\/2025\/08\/cropped-nge-favicon-1.webp 512w, https:\/\/nordgroup.com.tr\/wp-content\/uploads\/2025\/08\/cropped-nge-favicon-1-300x300.webp 300w, https:\/\/nordgroup.com.tr\/wp-content\/uploads\/2025\/08\/cropped-nge-favicon-1-150x150.webp 150w, https:\/\/nordgroup.com.tr\/wp-content\/uploads\/2025\/08\/cropped-nge-favicon-1-480x480.webp 480w, https:\/\/nordgroup.com.tr\/wp-content\/uploads\/2025\/08\/cropped-nge-favicon-1-384x384.webp 384w, https:\/\/nordgroup.com.tr\/wp-content\/uploads\/2025\/08\/cropped-nge-favicon-1-320x320.webp 320w\" sizes=\"auto, (max-width: 512px) 100vw, 512px\" \/>\t\t\t\t\t\t\t\t\t\t\t\t\t\t\t<\/div>\n\t\t\t\t<div class=\"elementor-element elementor-element-e999786 elementor-absolute elementor-hidden-mobile elementor-widget elementor-widget-energium_vertical_text\" data-id=\"e999786\" data-element_type=\"widget\" data-e-type=\"widget\" data-settings=\"{&quot;_position&quot;:&quot;absolute&quot;}\" data-widget_type=\"energium_vertical_text.default\">\n\t\t\t\t<div class=\"elementor-widget-container\">\n\t\t\t\t\t<div class=\"vertical-text\">Nord Group<\/div>\t\t\t\t<\/div>\n\t\t\t\t<\/div>\n\t\t\t\t<div class=\"elementor-element elementor-element-f2e6160 elementor-widget elementor-widget-energium_heading\" data-id=\"f2e6160\" data-element_type=\"widget\" data-e-type=\"widget\" data-widget_type=\"energium_heading.default\">\n\t\t\t\t<div class=\"elementor-widget-container\">\n\t\t\t\t\t<div class=\"energium-heading-widget\"><h1 class=\"energium-heading\"><span class=\"energium-heading-content\">Nord Group<br \/><span style=\"color: #ec7f5e\">To Every Corner of the World<\/span><br \/><span style=\"color: #0dceb5\">Trust and Experience<\/span><br \/><span style=\"color: #0dceb5\">Carries <\/span><\/span><\/h1><\/div>\t\t\t\t<\/div>\n\t\t\t\t<\/div>\n\t\t\t\t\t<\/div>\n\t\t<\/div>\n\t\t\t\t\t<\/div>\n\t\t<\/section>\n\t\t\t\t<\/div>","protected":false},"excerpt":{"rendered":"<p>Nord Group enerji ve veri kablolar\u0131n\u0131n sekt\u00f6rde sat\u0131\u015f ve pazarlamas\u0131 yolunda \u00e7\u0131kt\u0131\u011f\u0131 ticari hayat\u0131na, kablo \u00fcretimi a\u015famas\u0131nda kullan\u0131lan t\u00fcm kablo bile\u015fenlerini olu\u015fturan, bak\u0131r,\u00e7elik, al\u00fcminyum ve kablo polimerlerini, hammadde olarak kablo \u00fcreticilerine sunma hedefinde faaliyetlerini geli\u015ftirerek s\u00fcrd\u00fcrmektedir. Enerji iletim ve da\u011f\u0131t\u0131m\u0131na y\u00f6nelik&#8230;<\/p>","protected":false},"author":1,"featured_media":0,"parent":0,"menu_order":2,"comment_status":"closed","ping_status":"closed","template":"","meta":{"footnotes":""},"class_list":["post-19","page","type-page","status-publish","hentry"],"_links":{"self":[{"href":"https:\/\/nordgroup.com.tr\/en\/wp-json\/wp\/v2\/pages\/19","targetHints":{"allow":["GET"]}}],"collection":[{"href":"https:\/\/nordgroup.com.tr\/en\/wp-json\/wp\/v2\/pages"}],"about":[{"href":"https:\/\/nordgroup.com.tr\/en\/wp-json\/wp\/v2\/types\/page"}],"author":[{"embeddable":true,"href":"https:\/\/nordgroup.com.tr\/en\/wp-json\/wp\/v2\/users\/1"}],"replies":[{"embeddable":true,"href":"https:\/\/nordgroup.com.tr\/en\/wp-json\/wp\/v2\/comments?post=19"}],"version-history":[{"count":1,"href":"https:\/\/nordgroup.com.tr\/en\/wp-json\/wp\/v2\/pages\/19\/revisions"}],"predecessor-version":[{"id":7610,"href":"https:\/\/nordgroup.com.tr\/en\/wp-json\/wp\/v2\/pages\/19\/revisions\/7610"}],"wp:attachment":[{"href":"https:\/\/nordgroup.com.tr\/en\/wp-json\/wp\/v2\/media?parent=19"}],"curies":[{"name":"wp","href":"https:\/\/api.w.org\/{rel}","templated":true}]}}