{"id":55,"date":"2021-11-08T15:41:05","date_gmt":"2021-11-08T15:41:05","guid":{"rendered":"https:\/\/demo.artureanec.com\/themes\/energium\/shop\/"},"modified":"2025-08-14T23:48:42","modified_gmt":"2025-08-14T20:48:42","slug":"our-products","status":"publish","type":"page","link":"https:\/\/nordgroup.com.tr\/en\/our-products\/","title":{"rendered":"Products"},"content":{"rendered":"<div data-elementor-type=\"wp-page\" data-elementor-id=\"55\" class=\"elementor elementor-55\">\n\t\t\t\t\t\t<section class=\"elementor-section elementor-top-section elementor-element elementor-element-3b66523 elementor-section-boxed elementor-section-height-default elementor-section-height-default\" data-id=\"3b66523\" data-element_type=\"section\" data-e-type=\"section\">\n\t\t\t\t\t\t<div class=\"elementor-container elementor-column-gap-default\">\n\t\t\t\t\t<div class=\"elementor-column elementor-col-33 elementor-top-column elementor-element elementor-element-8e24860\" data-id=\"8e24860\" data-element_type=\"column\" data-e-type=\"column\">\n\t\t\t<div class=\"elementor-widget-wrap elementor-element-populated\">\n\t\t\t\t\t\t<div class=\"elementor-element elementor-element-32bb9ab elementor-position-top elementor-widget elementor-widget-image-box\" data-id=\"32bb9ab\" data-element_type=\"widget\" data-e-type=\"widget\" data-widget_type=\"image-box.default\">\n\t\t\t\t\t<div class=\"elementor-image-box-wrapper\"><figure class=\"elementor-image-box-img\"><a href=\"\/en\/our-products\/cables\/\" tabindex=\"-1\"><img loading=\"lazy\" decoding=\"async\" width=\"800\" height=\"471\" src=\"https:\/\/nordgroup.com.tr\/wp-content\/uploads\/2025\/08\/main-kablo.webp\" class=\"attachment-full size-full wp-image-7345\" alt=\"\" srcset=\"https:\/\/nordgroup.com.tr\/wp-content\/uploads\/2025\/08\/main-kablo.webp 800w, https:\/\/nordgroup.com.tr\/wp-content\/uploads\/2025\/08\/main-kablo-768x452.webp 768w\" sizes=\"auto, (max-width: 800px) 100vw, 800px\" \/><\/a><\/figure><div class=\"elementor-image-box-content\"><h3 class=\"elementor-image-box-title\"><a href=\"\/en\/our-products\/cables\/\">Cables<\/a><\/h3><p class=\"elementor-image-box-description\">Products\n<\/p><\/div><\/div>\t\t\t\t<\/div>\n\t\t\t\t\t<\/div>\n\t\t<\/div>\n\t\t\t\t<div class=\"elementor-column elementor-col-33 elementor-top-column elementor-element elementor-element-bf92c02\" data-id=\"bf92c02\" data-element_type=\"column\" data-e-type=\"column\">\n\t\t\t<div class=\"elementor-widget-wrap elementor-element-populated\">\n\t\t\t\t\t\t<div class=\"elementor-element elementor-element-b3b88e3 elementor-position-top elementor-widget elementor-widget-image-box\" data-id=\"b3b88e3\" data-element_type=\"widget\" data-e-type=\"widget\" data-widget_type=\"image-box.default\">\n\t\t\t\t\t<div class=\"elementor-image-box-wrapper\"><figure class=\"elementor-image-box-img\"><a href=\"\/en\/our-products\/raw-materials\/\" tabindex=\"-1\"><img loading=\"lazy\" decoding=\"async\" width=\"800\" height=\"471\" src=\"https:\/\/nordgroup.com.tr\/wp-content\/uploads\/2025\/08\/hammade-new.webp\" class=\"attachment-full size-full wp-image-7634\" alt=\"\" srcset=\"https:\/\/nordgroup.com.tr\/wp-content\/uploads\/2025\/08\/hammade-new.webp 800w, https:\/\/nordgroup.com.tr\/wp-content\/uploads\/2025\/08\/hammade-new-768x452.webp 768w\" sizes=\"auto, (max-width: 800px) 100vw, 800px\" \/><\/a><\/figure><div class=\"elementor-image-box-content\"><h3 class=\"elementor-image-box-title\"><a href=\"\/en\/our-products\/raw-materials\/\">Raw Materials<\/a><\/h3><p class=\"elementor-image-box-description\">Products\n<\/p><\/div><\/div>\t\t\t\t<\/div>\n\t\t\t\t\t<\/div>\n\t\t<\/div>\n\t\t\t\t<div class=\"elementor-column elementor-col-33 elementor-top-column elementor-element elementor-element-05ea4bb\" data-id=\"05ea4bb\" data-element_type=\"column\" data-e-type=\"column\">\n\t\t\t<div class=\"elementor-widget-wrap elementor-element-populated\">\n\t\t\t\t\t\t<div class=\"elementor-element elementor-element-47557aa elementor-position-top elementor-widget elementor-widget-image-box\" data-id=\"47557aa\" data-element_type=\"widget\" data-e-type=\"widget\" data-widget_type=\"image-box.default\">\n\t\t\t\t\t<div class=\"elementor-image-box-wrapper\"><figure class=\"elementor-image-box-img\"><a href=\"\/en\/our-products\/polymers\/\" tabindex=\"-1\"><img decoding=\"async\" src=\"https:\/\/nordgroup.com.tr\/wp-content\/uploads\/elementor\/thumbs\/main-polimerler-r9l7v9cdmqzzjctn5jlt213c7au5o9p8ybefftglly.webp\" title=\"main-polymers\" alt=\"main-polymers\" loading=\"lazy\" \/><\/a><\/figure><div class=\"elementor-image-box-content\"><h3 class=\"elementor-image-box-title\"><a href=\"\/en\/our-products\/polymers\/\">Polymers<\/a><\/h3><p class=\"elementor-image-box-description\">Products\n<\/p><\/div><\/div>\t\t\t\t<\/div>\n\t\t\t\t\t<\/div>\n\t\t<\/div>\n\t\t\t\t\t<\/div>\n\t\t<\/section>\n\t\t\t\t<\/div>","protected":false},"excerpt":{"rendered":"<p>Kablolar \u00dcr\u00fcnlerimiz Hammadeler \u00dcr\u00fcnlerimiz Polimerler \u00dcr\u00fcnlerimiz<\/p>","protected":false},"author":1,"featured_media":0,"parent":0,"menu_order":10,"comment_status":"closed","ping_status":"closed","template":"","meta":{"footnotes":""},"class_list":["post-55","page","type-page","status-publish","hentry"],"_links":{"self":[{"href":"https:\/\/nordgroup.com.tr\/en\/wp-json\/wp\/v2\/pages\/55","targetHints":{"allow":["GET"]}}],"collection":[{"href":"https:\/\/nordgroup.com.tr\/en\/wp-json\/wp\/v2\/pages"}],"about":[{"href":"https:\/\/nordgroup.com.tr\/en\/wp-json\/wp\/v2\/types\/page"}],"author":[{"embeddable":true,"href":"https:\/\/nordgroup.com.tr\/en\/wp-json\/wp\/v2\/users\/1"}],"replies":[{"embeddable":true,"href":"https:\/\/nordgroup.com.tr\/en\/wp-json\/wp\/v2\/comments?post=55"}],"version-history":[{"count":1,"href":"https:\/\/nordgroup.com.tr\/en\/wp-json\/wp\/v2\/pages\/55\/revisions"}],"predecessor-version":[{"id":7639,"href":"https:\/\/nordgroup.com.tr\/en\/wp-json\/wp\/v2\/pages\/55\/revisions\/7639"}],"wp:attachment":[{"href":"https:\/\/nordgroup.com.tr\/en\/wp-json\/wp\/v2\/media?parent=55"}],"curies":[{"name":"wp","href":"https:\/\/api.w.org\/{rel}","templated":true}]}}