{"id":5690,"date":"2025-07-14T18:34:08","date_gmt":"2025-07-14T15:34:08","guid":{"rendered":"https:\/\/nordgroup.com.tr\/?page_id=5690"},"modified":"2025-08-14T23:37:00","modified_gmt":"2025-08-14T20:37:00","slug":"cables","status":"publish","type":"page","link":"https:\/\/nordgroup.com.tr\/en\/our-products\/cables\/","title":{"rendered":"Cables"},"content":{"rendered":"<div data-elementor-type=\"wp-page\" data-elementor-id=\"5690\" class=\"elementor elementor-5690\">\n\t\t\t\t<div class=\"elementor-element elementor-element-eab0bf3 e-grid e-con-boxed e-con e-parent\" data-id=\"eab0bf3\" data-element_type=\"container\" data-e-type=\"container\">\n\t\t\t\t\t<div class=\"e-con-inner\">\n\t\t\t\t<div class=\"elementor-element elementor-element-6849dbb elementor-position-top elementor-widget elementor-widget-image-box\" data-id=\"6849dbb\" data-element_type=\"widget\" data-e-type=\"widget\" data-widget_type=\"image-box.default\">\n\t\t\t\t\t<div class=\"elementor-image-box-wrapper\"><figure class=\"elementor-image-box-img\"><a href=\"https:\/\/nordgroup.com.tr\/en\/our-products\/cables\/high-voltage-cables\/\" tabindex=\"-1\"><img loading=\"lazy\" decoding=\"async\" width=\"720\" height=\"423\" src=\"https:\/\/nordgroup.com.tr\/wp-content\/uploads\/2025\/07\/Banner_Yuksek-Gerilim-Kablolari.webp\" class=\"attachment-full size-full wp-image-7127\" alt=\"\" \/><\/a><\/figure><div class=\"elementor-image-box-content\"><h3 class=\"elementor-image-box-title\"><a href=\"https:\/\/nordgroup.com.tr\/en\/our-products\/cables\/high-voltage-cables\/\">High Voltage Cables<\/a><\/h3><p class=\"elementor-image-box-description\">Cables<\/p><\/div><\/div>\t\t\t\t<\/div>\n\t\t\t\t<div class=\"elementor-element elementor-element-27ddf17 elementor-position-top elementor-widget elementor-widget-image-box\" data-id=\"27ddf17\" data-element_type=\"widget\" data-e-type=\"widget\" data-widget_type=\"image-box.default\">\n\t\t\t\t\t<div class=\"elementor-image-box-wrapper\"><figure class=\"elementor-image-box-img\"><a href=\"https:\/\/nordgroup.com.tr\/en\/our-products\/cables\/medium-voltage-cables\/\" tabindex=\"-1\"><img loading=\"lazy\" decoding=\"async\" width=\"720\" height=\"423\" src=\"https:\/\/nordgroup.com.tr\/wp-content\/uploads\/2025\/07\/Banner_Orta-Gerilim-Kablolar.webp\" class=\"attachment-full size-full wp-image-7122\" alt=\"\" \/><\/a><\/figure><div class=\"elementor-image-box-content\"><h3 class=\"elementor-image-box-title\"><a href=\"https:\/\/nordgroup.com.tr\/en\/our-products\/cables\/medium-voltage-cables\/\">Medium Voltage Cables<\/a><\/h3><p class=\"elementor-image-box-description\">Cables<\/p><\/div><\/div>\t\t\t\t<\/div>\n\t\t\t\t<div class=\"elementor-element elementor-element-acd1262 elementor-position-top elementor-widget elementor-widget-image-box\" data-id=\"acd1262\" data-element_type=\"widget\" data-e-type=\"widget\" data-widget_type=\"image-box.default\">\n\t\t\t\t\t<div class=\"elementor-image-box-wrapper\"><figure class=\"elementor-image-box-img\"><a href=\"https:\/\/nordgroup.com.tr\/en\/our-products\/cables\/low-voltage-cables\/\" tabindex=\"-1\"><img loading=\"lazy\" decoding=\"async\" width=\"720\" height=\"423\" src=\"https:\/\/nordgroup.com.tr\/wp-content\/uploads\/2025\/07\/Banner_Alcak-Gerilim-Kablolar.webp\" class=\"attachment-full size-full wp-image-7115\" alt=\"\" \/><\/a><\/figure><div class=\"elementor-image-box-content\"><h3 class=\"elementor-image-box-title\"><a href=\"https:\/\/nordgroup.com.tr\/en\/our-products\/cables\/low-voltage-cables\/\">Low Voltage Cables<\/a><\/h3><p class=\"elementor-image-box-description\">Cables<\/p><\/div><\/div>\t\t\t\t<\/div>\n\t\t\t\t<div class=\"elementor-element elementor-element-fb2d62d elementor-position-top elementor-widget elementor-widget-image-box\" data-id=\"fb2d62d\" data-element_type=\"widget\" data-e-type=\"widget\" data-widget_type=\"image-box.default\">\n\t\t\t\t\t<div class=\"elementor-image-box-wrapper\"><figure class=\"elementor-image-box-img\"><a href=\"https:\/\/nordgroup.com.tr\/en\/our-products\/cables\/aluminum-cables\/\" tabindex=\"-1\"><img loading=\"lazy\" decoding=\"async\" width=\"720\" height=\"423\" src=\"https:\/\/nordgroup.com.tr\/wp-content\/uploads\/2025\/07\/Banner_Aluminyum-Kablolar.webp\" class=\"attachment-full size-full wp-image-7116\" alt=\"\" \/><\/a><\/figure><div class=\"elementor-image-box-content\"><h3 class=\"elementor-image-box-title\"><a href=\"https:\/\/nordgroup.com.tr\/en\/our-products\/cables\/aluminum-cables\/\">Aluminum Cables<\/a><\/h3><p class=\"elementor-image-box-description\">Cables<\/p><\/div><\/div>\t\t\t\t<\/div>\n\t\t\t\t<div class=\"elementor-element elementor-element-78022c9 elementor-position-top elementor-widget elementor-widget-image-box\" data-id=\"78022c9\" data-element_type=\"widget\" data-e-type=\"widget\" data-widget_type=\"image-box.default\">\n\t\t\t\t\t<div class=\"elementor-image-box-wrapper\"><figure class=\"elementor-image-box-img\"><a href=\"https:\/\/nordgroup.com.tr\/en\/our-products\/cables\/halogen-free-cables\/\" tabindex=\"-1\"><img loading=\"lazy\" decoding=\"async\" width=\"720\" height=\"423\" src=\"https:\/\/nordgroup.com.tr\/wp-content\/uploads\/2025\/07\/Banner_Halojensiz-Kablolar.webp\" class=\"attachment-full size-full wp-image-7119\" alt=\"\" \/><\/a><\/figure><div class=\"elementor-image-box-content\"><h3 class=\"elementor-image-box-title\"><a href=\"https:\/\/nordgroup.com.tr\/en\/our-products\/cables\/halogen-free-cables\/\">Halogen Free Cables<\/a><\/h3><p class=\"elementor-image-box-description\">Cables<\/p><\/div><\/div>\t\t\t\t<\/div>\n\t\t\t\t<div class=\"elementor-element elementor-element-655b6d6 elementor-position-top elementor-widget elementor-widget-image-box\" data-id=\"655b6d6\" data-element_type=\"widget\" data-e-type=\"widget\" data-widget_type=\"image-box.default\">\n\t\t\t\t\t<div class=\"elementor-image-box-wrapper\"><figure class=\"elementor-image-box-img\"><a href=\"https:\/\/nordgroup.com.tr\/en\/our-products\/cables\/solar-cables\/\" tabindex=\"-1\"><img loading=\"lazy\" decoding=\"async\" width=\"720\" height=\"423\" src=\"https:\/\/nordgroup.com.tr\/wp-content\/uploads\/2025\/07\/Banner_Solar-Kablolar.webp\" class=\"attachment-full size-full wp-image-7125\" alt=\"\" \/><\/a><\/figure><div class=\"elementor-image-box-content\"><h3 class=\"elementor-image-box-title\"><a href=\"https:\/\/nordgroup.com.tr\/en\/our-products\/cables\/solar-cables\/\">Solar Cables<\/a><\/h3><p class=\"elementor-image-box-description\">Cables<\/p><\/div><\/div>\t\t\t\t<\/div>\n\t\t\t\t<div class=\"elementor-element elementor-element-9f9f3d2 elementor-position-top elementor-widget elementor-widget-image-box\" data-id=\"9f9f3d2\" data-element_type=\"widget\" data-e-type=\"widget\" data-widget_type=\"image-box.default\">\n\t\t\t\t\t<div class=\"elementor-image-box-wrapper\"><figure class=\"elementor-image-box-img\"><a href=\"https:\/\/nordgroup.com.tr\/en\/our-products\/cables\/pvc-sheathed-cables\/\" tabindex=\"-1\"><img loading=\"lazy\" decoding=\"async\" width=\"720\" height=\"423\" src=\"https:\/\/nordgroup.com.tr\/wp-content\/uploads\/2025\/07\/Banner_PVC-Kilifli-Kablolar.webp\" class=\"attachment-full size-full wp-image-7123\" alt=\"\" \/><\/a><\/figure><div class=\"elementor-image-box-content\"><h3 class=\"elementor-image-box-title\"><a href=\"https:\/\/nordgroup.com.tr\/en\/our-products\/cables\/pvc-sheathed-cables\/\">PVC Sheathed Cables<\/a><\/h3><p class=\"elementor-image-box-description\">Cables<\/p><\/div><\/div>\t\t\t\t<\/div>\n\t\t\t\t<div class=\"elementor-element elementor-element-d52a599 elementor-position-top elementor-widget elementor-widget-image-box\" data-id=\"d52a599\" data-element_type=\"widget\" data-e-type=\"widget\" data-widget_type=\"image-box.default\">\n\t\t\t\t\t<div class=\"elementor-image-box-wrapper\"><figure class=\"elementor-image-box-img\"><a href=\"https:\/\/nordgroup.com.tr\/en\/our-products\/cables\/rubber-cables\/\" tabindex=\"-1\"><img loading=\"lazy\" decoding=\"async\" width=\"720\" height=\"423\" src=\"https:\/\/nordgroup.com.tr\/wp-content\/uploads\/2025\/07\/Banner_Kaucuk-Kablolar.webp\" class=\"attachment-full size-full wp-image-7120\" alt=\"\" \/><\/a><\/figure><div class=\"elementor-image-box-content\"><h3 class=\"elementor-image-box-title\"><a href=\"https:\/\/nordgroup.com.tr\/en\/our-products\/cables\/rubber-cables\/\">Rubber Cables<\/a><\/h3><p class=\"elementor-image-box-description\">Cables<\/p><\/div><\/div>\t\t\t\t<\/div>\n\t\t\t\t<div class=\"elementor-element elementor-element-fcc42b7 elementor-position-top elementor-widget elementor-widget-image-box\" data-id=\"fcc42b7\" data-element_type=\"widget\" data-e-type=\"widget\" data-widget_type=\"image-box.default\">\n\t\t\t\t\t<div class=\"elementor-image-box-wrapper\"><figure class=\"elementor-image-box-img\"><a href=\"https:\/\/nordgroup.com.tr\/en\/our-products\/cables\/silicone-cables\/\" tabindex=\"-1\"><img loading=\"lazy\" decoding=\"async\" width=\"720\" height=\"423\" src=\"https:\/\/nordgroup.com.tr\/wp-content\/uploads\/2025\/07\/Banner_Silikon-Kablolar.webp\" class=\"attachment-full size-full wp-image-7124\" alt=\"\" \/><\/a><\/figure><div class=\"elementor-image-box-content\"><h3 class=\"elementor-image-box-title\"><a href=\"https:\/\/nordgroup.com.tr\/en\/our-products\/cables\/silicone-cables\/\">Silicone Cables<\/a><\/h3><p class=\"elementor-image-box-description\">Cables<\/p><\/div><\/div>\t\t\t\t<\/div>\n\t\t\t\t<div class=\"elementor-element elementor-element-2940bc0 elementor-position-top elementor-widget elementor-widget-image-box\" data-id=\"2940bc0\" data-element_type=\"widget\" data-e-type=\"widget\" data-widget_type=\"image-box.default\">\n\t\t\t\t\t<div class=\"elementor-image-box-wrapper\"><figure class=\"elementor-image-box-img\"><a href=\"https:\/\/nordgroup.com.tr\/en\/our-products\/cables\/coaxial-cables\/\" tabindex=\"-1\"><img loading=\"lazy\" decoding=\"async\" width=\"720\" height=\"423\" src=\"https:\/\/nordgroup.com.tr\/wp-content\/uploads\/2025\/07\/Banner_Koaksiyel-Kablolar.webp\" class=\"attachment-full size-full wp-image-7121\" alt=\"\" \/><\/a><\/figure><div class=\"elementor-image-box-content\"><h3 class=\"elementor-image-box-title\"><a href=\"https:\/\/nordgroup.com.tr\/en\/our-products\/cables\/coaxial-cables\/\">Coaxial Cables<\/a><\/h3><p class=\"elementor-image-box-description\">Cables<\/p><\/div><\/div>\t\t\t\t<\/div>\n\t\t\t\t<div class=\"elementor-element elementor-element-2c40cbf elementor-position-top elementor-widget elementor-widget-image-box\" data-id=\"2c40cbf\" data-element_type=\"widget\" data-e-type=\"widget\" data-widget_type=\"image-box.default\">\n\t\t\t\t\t<div class=\"elementor-image-box-wrapper\"><figure class=\"elementor-image-box-img\"><a href=\"https:\/\/nordgroup.com.tr\/en\/our-products\/cables\/data-lan-cables\/\" tabindex=\"-1\"><img loading=\"lazy\" decoding=\"async\" width=\"720\" height=\"423\" src=\"https:\/\/nordgroup.com.tr\/wp-content\/uploads\/2025\/07\/Banner_Data-Lan-Kablolari.webp\" class=\"attachment-full size-full wp-image-7117\" alt=\"\" \/><\/a><\/figure><div class=\"elementor-image-box-content\"><h3 class=\"elementor-image-box-title\"><a href=\"https:\/\/nordgroup.com.tr\/en\/our-products\/cables\/data-lan-cables\/\">Data Lan Cables<\/a><\/h3><p class=\"elementor-image-box-description\">Cables<\/p><\/div><\/div>\t\t\t\t<\/div>\n\t\t\t\t<div class=\"elementor-element elementor-element-e49ad27 elementor-position-top elementor-widget elementor-widget-image-box\" data-id=\"e49ad27\" data-element_type=\"widget\" data-e-type=\"widget\" data-widget_type=\"image-box.default\">\n\t\t\t\t\t<div class=\"elementor-image-box-wrapper\"><figure class=\"elementor-image-box-img\"><a href=\"https:\/\/nordgroup.com.tr\/en\/our-products\/cables\/industry-4-0-cables\/\" tabindex=\"-1\"><img loading=\"lazy\" decoding=\"async\" width=\"720\" height=\"423\" src=\"https:\/\/nordgroup.com.tr\/wp-content\/uploads\/2025\/07\/Banner_Endustriyel-Kablolar.webp\" class=\"attachment-full size-full wp-image-7118\" alt=\"\" \/><\/a><\/figure><div class=\"elementor-image-box-content\"><h3 class=\"elementor-image-box-title\"><a href=\"https:\/\/nordgroup.com.tr\/en\/our-products\/cables\/industry-4-0-cables\/\">Industrial Cables<\/a><\/h3><p class=\"elementor-image-box-description\">Cables<\/p><\/div><\/div>\t\t\t\t<\/div>\n\t\t\t\t<div class=\"elementor-element elementor-element-80a952b elementor-position-top elementor-widget elementor-widget-image-box\" data-id=\"80a952b\" data-element_type=\"widget\" data-e-type=\"widget\" data-widget_type=\"image-box.default\">\n\t\t\t\t\t<div class=\"elementor-image-box-wrapper\"><figure class=\"elementor-image-box-img\"><a href=\"https:\/\/nordgroup.com.tr\/en\/our-products\/cables\/telecommunication-cables\/\" tabindex=\"-1\"><img loading=\"lazy\" decoding=\"async\" width=\"720\" height=\"423\" src=\"https:\/\/nordgroup.com.tr\/wp-content\/uploads\/2025\/07\/Banner_Telekominikasyon-Kablolar.webp\" class=\"attachment-full size-full wp-image-7126\" alt=\"\" \/><\/a><\/figure><div class=\"elementor-image-box-content\"><h3 class=\"elementor-image-box-title\"><a href=\"https:\/\/nordgroup.com.tr\/en\/our-products\/cables\/telecommunication-cables\/\">Telecommunication Cables<\/a><\/h3><p class=\"elementor-image-box-description\">Cables<\/p><\/div><\/div>\t\t\t\t<\/div>\n\t\t\t\t\t<\/div>\n\t\t\t\t<\/div>\n\t\t\t\t<\/div>","protected":false},"excerpt":{"rendered":"<p>Y\u00fcksek Gerilim Kablolar Kablolar Orta Gerilim Kablolar Kablolar Al\u00e7ak Gerilim Kablolar Kablolar Al\u00fcminyum Kablolar Kablolar Halojensiz Kablolar Kablolar Solar Kablolar Kablolar PVC K\u0131l\u0131fl\u0131 Kablolar Kablolar Kau\u00e7uk Kablolar Kablolar Silikon Kablolar Kablolar Koaksiyel Kablolar Kablolar Data Lan Kablolar Kablolar End\u00fcstriyel Kablolar Kablolar&#8230;<\/p>","protected":false},"author":1,"featured_media":0,"parent":55,"menu_order":11,"comment_status":"closed","ping_status":"closed","template":"","meta":{"footnotes":""},"class_list":["post-5690","page","type-page","status-publish","hentry"],"_links":{"self":[{"href":"https:\/\/nordgroup.com.tr\/en\/wp-json\/wp\/v2\/pages\/5690","targetHints":{"allow":["GET"]}}],"collection":[{"href":"https:\/\/nordgroup.com.tr\/en\/wp-json\/wp\/v2\/pages"}],"about":[{"href":"https:\/\/nordgroup.com.tr\/en\/wp-json\/wp\/v2\/types\/page"}],"author":[{"embeddable":true,"href":"https:\/\/nordgroup.com.tr\/en\/wp-json\/wp\/v2\/users\/1"}],"replies":[{"embeddable":true,"href":"https:\/\/nordgroup.com.tr\/en\/wp-json\/wp\/v2\/comments?post=5690"}],"version-history":[{"count":1,"href":"https:\/\/nordgroup.com.tr\/en\/wp-json\/wp\/v2\/pages\/5690\/revisions"}],"predecessor-version":[{"id":7628,"href":"https:\/\/nordgroup.com.tr\/en\/wp-json\/wp\/v2\/pages\/5690\/revisions\/7628"}],"up":[{"embeddable":true,"href":"https:\/\/nordgroup.com.tr\/en\/wp-json\/wp\/v2\/pages\/55"}],"wp:attachment":[{"href":"https:\/\/nordgroup.com.tr\/en\/wp-json\/wp\/v2\/media?parent=5690"}],"curies":[{"name":"wp","href":"https:\/\/api.w.org\/{rel}","templated":true}]}}