{"id":5691,"date":"2025-07-14T18:34:16","date_gmt":"2025-07-14T15:34:16","guid":{"rendered":"https:\/\/nordgroup.com.tr\/?page_id=5691"},"modified":"2025-07-27T17:21:44","modified_gmt":"2025-07-27T14:21:44","slug":"raw-materials","status":"publish","type":"page","link":"https:\/\/nordgroup.com.tr\/en\/our-products\/raw-materials\/","title":{"rendered":"Raw Materials"},"content":{"rendered":"<div data-elementor-type=\"wp-page\" data-elementor-id=\"5691\" class=\"elementor elementor-5691\">\n\t\t\t\t<div class=\"elementor-element elementor-element-67adc07 e-grid e-con-boxed e-con e-parent\" data-id=\"67adc07\" data-element_type=\"container\" data-e-type=\"container\">\n\t\t\t\t\t<div class=\"e-con-inner\">\n\t\t\t\t<div class=\"elementor-element elementor-element-1fa1771 elementor-position-top elementor-widget elementor-widget-image-box\" data-id=\"1fa1771\" data-element_type=\"widget\" data-e-type=\"widget\" data-widget_type=\"image-box.default\">\n\t\t\t\t\t<div class=\"elementor-image-box-wrapper\"><figure class=\"elementor-image-box-img\"><a href=\"https:\/\/nordgroup.com.tr\/en\/our-products\/raw-materials\/virgin\/\" tabindex=\"-1\"><img loading=\"lazy\" decoding=\"async\" width=\"800\" height=\"471\" src=\"https:\/\/nordgroup.com.tr\/wp-content\/uploads\/2025\/07\/pd-bakir.webp\" class=\"attachment-full size-full wp-image-6697\" alt=\"\" srcset=\"https:\/\/nordgroup.com.tr\/wp-content\/uploads\/2025\/07\/pd-bakir.webp 800w, https:\/\/nordgroup.com.tr\/wp-content\/uploads\/2025\/07\/pd-bakir-768x452.webp 768w\" sizes=\"auto, (max-width: 800px) 100vw, 800px\" \/><\/a><\/figure><div class=\"elementor-image-box-content\"><h3 class=\"elementor-image-box-title\"><a href=\"https:\/\/nordgroup.com.tr\/en\/our-products\/raw-materials\/virgin\/\">Copper<\/a><\/h3><p class=\"elementor-image-box-description\">Raw Materials<\/p><\/div><\/div>\t\t\t\t<\/div>\n\t\t\t\t<div class=\"elementor-element elementor-element-f8895f8 elementor-position-top elementor-widget elementor-widget-image-box\" data-id=\"f8895f8\" data-element_type=\"widget\" data-e-type=\"widget\" data-widget_type=\"image-box.default\">\n\t\t\t\t\t<div class=\"elementor-image-box-wrapper\"><figure class=\"elementor-image-box-img\"><a href=\"https:\/\/nordgroup.com.tr\/en\/our-products\/raw-materials\/steel-wire\/\" tabindex=\"-1\"><img loading=\"lazy\" decoding=\"async\" width=\"800\" height=\"471\" src=\"https:\/\/nordgroup.com.tr\/wp-content\/uploads\/2025\/07\/pd-celiktel.webp\" class=\"attachment-full size-full wp-image-6698\" alt=\"\" srcset=\"https:\/\/nordgroup.com.tr\/wp-content\/uploads\/2025\/07\/pd-celiktel.webp 800w, https:\/\/nordgroup.com.tr\/wp-content\/uploads\/2025\/07\/pd-celiktel-768x452.webp 768w\" sizes=\"auto, (max-width: 800px) 100vw, 800px\" \/><\/a><\/figure><div class=\"elementor-image-box-content\"><h3 class=\"elementor-image-box-title\"><a href=\"https:\/\/nordgroup.com.tr\/en\/our-products\/raw-materials\/steel-wire\/\">Steel Wire<\/a><\/h3><p class=\"elementor-image-box-description\">Raw Materials<\/p><\/div><\/div>\t\t\t\t<\/div>\n\t\t\t\t<div class=\"elementor-element elementor-element-61c331c elementor-position-top elementor-widget elementor-widget-image-box\" data-id=\"61c331c\" data-element_type=\"widget\" data-e-type=\"widget\" data-widget_type=\"image-box.default\">\n\t\t\t\t\t<div class=\"elementor-image-box-wrapper\"><figure class=\"elementor-image-box-img\"><a href=\"https:\/\/nordgroup.com.tr\/en\/our-products\/raw-materials\/iron-steel\/\" tabindex=\"-1\"><img loading=\"lazy\" decoding=\"async\" width=\"800\" height=\"471\" src=\"https:\/\/nordgroup.com.tr\/wp-content\/uploads\/2025\/07\/Untitled-1-copy-3-3.webp\" class=\"attachment-full size-full wp-image-6664\" alt=\"\" srcset=\"https:\/\/nordgroup.com.tr\/wp-content\/uploads\/2025\/07\/Untitled-1-copy-3-3.webp 800w, https:\/\/nordgroup.com.tr\/wp-content\/uploads\/2025\/07\/Untitled-1-copy-3-3-768x452.webp 768w\" sizes=\"auto, (max-width: 800px) 100vw, 800px\" \/><\/a><\/figure><div class=\"elementor-image-box-content\"><h3 class=\"elementor-image-box-title\"><a href=\"https:\/\/nordgroup.com.tr\/en\/our-products\/raw-materials\/iron-steel\/\">Iron Steel<\/a><\/h3><p class=\"elementor-image-box-description\">Raw Materials<\/p><\/div><\/div>\t\t\t\t<\/div>\n\t\t\t\t<div class=\"elementor-element elementor-element-bd23a86 elementor-position-top elementor-widget elementor-widget-image-box\" data-id=\"bd23a86\" data-element_type=\"widget\" data-e-type=\"widget\" data-widget_type=\"image-box.default\">\n\t\t\t\t\t<div class=\"elementor-image-box-wrapper\"><figure class=\"elementor-image-box-img\"><a href=\"https:\/\/nordgroup.com.tr\/en\/our-products\/raw-materials\/aluminum\/\" tabindex=\"-1\"><img loading=\"lazy\" decoding=\"async\" width=\"800\" height=\"471\" src=\"https:\/\/nordgroup.com.tr\/wp-content\/uploads\/2025\/07\/pd-aluminyum.webp\" class=\"attachment-full size-full wp-image-6699\" alt=\"\" srcset=\"https:\/\/nordgroup.com.tr\/wp-content\/uploads\/2025\/07\/pd-aluminyum.webp 800w, https:\/\/nordgroup.com.tr\/wp-content\/uploads\/2025\/07\/pd-aluminyum-768x452.webp 768w\" sizes=\"auto, (max-width: 800px) 100vw, 800px\" \/><\/a><\/figure><div class=\"elementor-image-box-content\"><h3 class=\"elementor-image-box-title\"><a href=\"https:\/\/nordgroup.com.tr\/en\/our-products\/raw-materials\/aluminum\/\">Aluminum<\/a><\/h3><p class=\"elementor-image-box-description\">Raw Materials<\/p><\/div><\/div>\t\t\t\t<\/div>\n\t\t\t\t\t<\/div>\n\t\t\t\t<\/div>\n\t\t\t\t<\/div>","protected":false},"excerpt":{"rendered":"<p>Bak\u0131r Hammaddeler \u00c7elik Tel Hammaddeler Demir \u00c7elik Hammaddeler Aluminyum Hammaddeler<\/p>","protected":false},"author":1,"featured_media":0,"parent":55,"menu_order":12,"comment_status":"closed","ping_status":"closed","template":"","meta":{"footnotes":""},"class_list":["post-5691","page","type-page","status-publish","hentry"],"_links":{"self":[{"href":"https:\/\/nordgroup.com.tr\/en\/wp-json\/wp\/v2\/pages\/5691","targetHints":{"allow":["GET"]}}],"collection":[{"href":"https:\/\/nordgroup.com.tr\/en\/wp-json\/wp\/v2\/pages"}],"about":[{"href":"https:\/\/nordgroup.com.tr\/en\/wp-json\/wp\/v2\/types\/page"}],"author":[{"embeddable":true,"href":"https:\/\/nordgroup.com.tr\/en\/wp-json\/wp\/v2\/users\/1"}],"replies":[{"embeddable":true,"href":"https:\/\/nordgroup.com.tr\/en\/wp-json\/wp\/v2\/comments?post=5691"}],"version-history":[{"count":1,"href":"https:\/\/nordgroup.com.tr\/en\/wp-json\/wp\/v2\/pages\/5691\/revisions"}],"predecessor-version":[{"id":6705,"href":"https:\/\/nordgroup.com.tr\/en\/wp-json\/wp\/v2\/pages\/5691\/revisions\/6705"}],"up":[{"embeddable":true,"href":"https:\/\/nordgroup.com.tr\/en\/wp-json\/wp\/v2\/pages\/55"}],"wp:attachment":[{"href":"https:\/\/nordgroup.com.tr\/en\/wp-json\/wp\/v2\/media?parent=5691"}],"curies":[{"name":"wp","href":"https:\/\/api.w.org\/{rel}","templated":true}]}}