{"id":6463,"date":"2025-07-26T02:57:09","date_gmt":"2025-07-25T23:57:09","guid":{"rendered":"https:\/\/nordgroup.com.tr\/?page_id=6463"},"modified":"2025-08-11T16:16:01","modified_gmt":"2025-08-11T13:16:01","slug":"iron-steel","status":"publish","type":"page","link":"https:\/\/nordgroup.com.tr\/en\/our-products\/raw-materials\/iron-steel\/","title":{"rendered":"Iron Steel"},"content":{"rendered":"<div data-elementor-type=\"wp-page\" data-elementor-id=\"6463\" class=\"elementor elementor-6463\">\n\t\t\t\t\t\t<section class=\"elementor-section elementor-top-section elementor-element elementor-element-ea46779 elementor-section-boxed elementor-section-height-default elementor-section-height-default\" data-id=\"ea46779\" data-element_type=\"section\" data-e-type=\"section\">\n\t\t\t\t\t\t<div class=\"elementor-container elementor-column-gap-default\">\n\t\t\t\t\t<div class=\"elementor-column elementor-col-100 elementor-top-column elementor-element elementor-element-9817e55\" data-id=\"9817e55\" data-element_type=\"column\" data-e-type=\"column\">\n\t\t\t<div class=\"elementor-widget-wrap elementor-element-populated\">\n\t\t\t\t\t\t<div class=\"elementor-element elementor-element-92e469e uael-post__link-complete-yes uael-equal__height-yes uael-posts-thumbnail-ratio elementor-widget elementor-widget-uael-posts\" data-id=\"92e469e\" data-element_type=\"widget\" data-e-type=\"widget\" data-settings=\"{&quot;classic_slides_to_show_mobile&quot;:2,&quot;classic_slides_to_show&quot;:3,&quot;classic_slides_to_show_tablet&quot;:2,&quot;classic_show_filters&quot;:&quot;no&quot;}\" data-widget_type=\"uael-posts.classic\">\n\t\t\t\t<div class=\"elementor-widget-container\">\n\t\t\t\t\t\t\t<div class=\"uael-post__header\">\n\t\t\t\t\t<\/div>\n\t\t<div class=\"uael-post__body\">\n\t\t\t\n\t\t\n\t\t<div class=\"uael-blog-terms-position-above_content uael-post-image-top uael-post-grid uael-posts\" data-query-type=\"custom\" data-structure=\"normal\" data-layout=\"\" data-page=\"6463\" data-skin=\"classic\" data-filter-default=\"\" data-offset-top=\"30\" >\n\n\t\t\t\t\t\t\t<div class=\"uael-post-grid__inner uael-post__columns-3 uael-post__columns-tablet-2 uael-post__columns-mobile-2 uael-post-infinite-scroll uael-post-infinite__event-scroll\">\n\t\t\t\n<div class=\"uael-post-wrapper\">\n\t<div class=\"uael-post__bg-wrap uael-bg-wrap-disabled\">\n\n\t\t\t\t\t<a href=\"https:\/\/nordgroup.com.tr\/en\/portfolio\/hot-hair\/\" target=\"_self\" class=\"uael-post__complete-box-overlay\" aria-label=\"Link Complete Box\"><\/a>\n\t\t\t\t\n\t\t<div class=\"uael-post__inner-wrap uael-inner-wrap-disabled\">\n\n\t\t\t\t<div class=\"uael-post__thumbnail\">\n\t\t\t\n\t\t\t<a href=\"https:\/\/nordgroup.com.tr\/en\/portfolio\/hot-hair\/\" target=\"_self\" title=\"Hot Sheet Metal\"><img loading=\"lazy\" decoding=\"async\" width=\"1000\" height=\"1000\" src=\"https:\/\/nordgroup.com.tr\/wp-content\/uploads\/2025\/07\/1-7.webp\" class=\"attachment-full size-full wp-image-5909\" alt=\"\" srcset=\"https:\/\/nordgroup.com.tr\/wp-content\/uploads\/2025\/07\/1-7.webp 1000w, https:\/\/nordgroup.com.tr\/wp-content\/uploads\/2025\/07\/1-7-300x300.webp 300w, https:\/\/nordgroup.com.tr\/wp-content\/uploads\/2025\/07\/1-7-150x150.webp 150w, https:\/\/nordgroup.com.tr\/wp-content\/uploads\/2025\/07\/1-7-768x768.webp 768w, https:\/\/nordgroup.com.tr\/wp-content\/uploads\/2025\/07\/1-7-960x960.webp 960w, https:\/\/nordgroup.com.tr\/wp-content\/uploads\/2025\/07\/1-7-640x640.webp 640w, https:\/\/nordgroup.com.tr\/wp-content\/uploads\/2025\/07\/1-7-480x480.webp 480w, https:\/\/nordgroup.com.tr\/wp-content\/uploads\/2025\/07\/1-7-384x384.webp 384w, https:\/\/nordgroup.com.tr\/wp-content\/uploads\/2025\/07\/1-7-320x320.webp 320w\" sizes=\"auto, (max-width: 1000px) 100vw, 1000px\" \/><\/a>\n\t\t\t\t\t<\/div>\n\t\t\n\t\t\t\n\t\t\t<div class=\"uael-post__content-wrap uael-content-wrap-disabled\">\n\t\t\t\t\t\t\t<div class=\"uael-post__terms-wrap\"><span class=\"uael-post__terms\"><span class=\"uael-listing__terms-link\">Iron Steel<\/span><\/span><\/div>\n\t\t\t\t\t\t<h3 class=\"uael-post__title\">\n\n\t\t\n\t\t\t\t\t\t<a href=\"https:\/\/nordgroup.com.tr\/en\/portfolio\/hot-hair\/\" target=\"_self\">\n\t\t\t\tHot Sheet Metal\t\t\t<\/a>\n\n\t\t\t\t<\/h3>\n\t\t\t\t\t<\/div>\n\t\t\t\n\t\t<\/div>\n\t\t\n\t<\/div>\n\n<\/div>\n\n<div class=\"uael-post-wrapper\">\n\t<div class=\"uael-post__bg-wrap uael-bg-wrap-disabled\">\n\n\t\t\t\t\t<a href=\"https:\/\/nordgroup.com.tr\/en\/portfolio\/cold-hair\/\" target=\"_self\" class=\"uael-post__complete-box-overlay\" aria-label=\"Link Complete Box\"><\/a>\n\t\t\t\t\n\t\t<div class=\"uael-post__inner-wrap uael-inner-wrap-disabled\">\n\n\t\t\t\t<div class=\"uael-post__thumbnail\">\n\t\t\t\n\t\t\t<a href=\"https:\/\/nordgroup.com.tr\/en\/portfolio\/cold-hair\/\" target=\"_self\" title=\"Cold Sheet\"><img loading=\"lazy\" decoding=\"async\" width=\"1000\" height=\"1000\" src=\"https:\/\/nordgroup.com.tr\/wp-content\/uploads\/2025\/07\/1-8.webp\" class=\"attachment-full size-full wp-image-5914\" alt=\"\" srcset=\"https:\/\/nordgroup.com.tr\/wp-content\/uploads\/2025\/07\/1-8.webp 1000w, https:\/\/nordgroup.com.tr\/wp-content\/uploads\/2025\/07\/1-8-300x300.webp 300w, https:\/\/nordgroup.com.tr\/wp-content\/uploads\/2025\/07\/1-8-150x150.webp 150w, https:\/\/nordgroup.com.tr\/wp-content\/uploads\/2025\/07\/1-8-768x768.webp 768w, https:\/\/nordgroup.com.tr\/wp-content\/uploads\/2025\/07\/1-8-960x960.webp 960w, https:\/\/nordgroup.com.tr\/wp-content\/uploads\/2025\/07\/1-8-640x640.webp 640w, https:\/\/nordgroup.com.tr\/wp-content\/uploads\/2025\/07\/1-8-480x480.webp 480w, https:\/\/nordgroup.com.tr\/wp-content\/uploads\/2025\/07\/1-8-384x384.webp 384w, https:\/\/nordgroup.com.tr\/wp-content\/uploads\/2025\/07\/1-8-320x320.webp 320w\" sizes=\"auto, (max-width: 1000px) 100vw, 1000px\" \/><\/a>\n\t\t\t\t\t<\/div>\n\t\t\n\t\t\t\n\t\t\t<div class=\"uael-post__content-wrap uael-content-wrap-disabled\">\n\t\t\t\t\t\t\t<div class=\"uael-post__terms-wrap\"><span class=\"uael-post__terms\"><span class=\"uael-listing__terms-link\">Iron Steel<\/span><\/span><\/div>\n\t\t\t\t\t\t<h3 class=\"uael-post__title\">\n\n\t\t\n\t\t\t\t\t\t<a href=\"https:\/\/nordgroup.com.tr\/en\/portfolio\/cold-hair\/\" target=\"_self\">\n\t\t\t\tCold Sheet\t\t\t<\/a>\n\n\t\t\t\t<\/h3>\n\t\t\t\t\t<\/div>\n\t\t\t\n\t\t<\/div>\n\t\t\n\t<\/div>\n\n<\/div>\n\n<div class=\"uael-post-wrapper\">\n\t<div class=\"uael-post__bg-wrap uael-bg-wrap-disabled\">\n\n\t\t\t\t\t<a href=\"https:\/\/nordgroup.com.tr\/en\/portfolio\/box-and-h-profiles\/\" target=\"_self\" class=\"uael-post__complete-box-overlay\" aria-label=\"Link Complete Box\"><\/a>\n\t\t\t\t\n\t\t<div class=\"uael-post__inner-wrap uael-inner-wrap-disabled\">\n\n\t\t\t\t<div class=\"uael-post__thumbnail\">\n\t\t\t\n\t\t\t<a href=\"https:\/\/nordgroup.com.tr\/en\/portfolio\/box-and-h-profiles\/\" target=\"_self\" title=\"Box and H Profiles\"><img loading=\"lazy\" decoding=\"async\" width=\"1000\" height=\"1000\" src=\"https:\/\/nordgroup.com.tr\/wp-content\/uploads\/2025\/07\/1-6.webp\" class=\"attachment-full size-full wp-image-5904\" alt=\"\" srcset=\"https:\/\/nordgroup.com.tr\/wp-content\/uploads\/2025\/07\/1-6.webp 1000w, https:\/\/nordgroup.com.tr\/wp-content\/uploads\/2025\/07\/1-6-300x300.webp 300w, https:\/\/nordgroup.com.tr\/wp-content\/uploads\/2025\/07\/1-6-150x150.webp 150w, https:\/\/nordgroup.com.tr\/wp-content\/uploads\/2025\/07\/1-6-768x768.webp 768w, https:\/\/nordgroup.com.tr\/wp-content\/uploads\/2025\/07\/1-6-960x960.webp 960w, https:\/\/nordgroup.com.tr\/wp-content\/uploads\/2025\/07\/1-6-640x640.webp 640w, https:\/\/nordgroup.com.tr\/wp-content\/uploads\/2025\/07\/1-6-480x480.webp 480w, https:\/\/nordgroup.com.tr\/wp-content\/uploads\/2025\/07\/1-6-384x384.webp 384w, https:\/\/nordgroup.com.tr\/wp-content\/uploads\/2025\/07\/1-6-320x320.webp 320w\" sizes=\"auto, (max-width: 1000px) 100vw, 1000px\" \/><\/a>\n\t\t\t\t\t<\/div>\n\t\t\n\t\t\t\n\t\t\t<div class=\"uael-post__content-wrap uael-content-wrap-disabled\">\n\t\t\t\t\t\t\t<div class=\"uael-post__terms-wrap\"><span class=\"uael-post__terms\"><span class=\"uael-listing__terms-link\">Iron Steel<\/span><\/span><\/div>\n\t\t\t\t\t\t<h3 class=\"uael-post__title\">\n\n\t\t\n\t\t\t\t\t\t<a href=\"https:\/\/nordgroup.com.tr\/en\/portfolio\/box-and-h-profiles\/\" target=\"_self\">\n\t\t\t\tBox and H Profiles\t\t\t<\/a>\n\n\t\t\t\t<\/h3>\n\t\t\t\t\t<\/div>\n\t\t\t\n\t\t<\/div>\n\t\t\n\t<\/div>\n\n<\/div>\n\n<div class=\"uael-post-wrapper\">\n\t<div class=\"uael-post__bg-wrap uael-bg-wrap-disabled\">\n\n\t\t\t\t\t<a href=\"https:\/\/nordgroup.com.tr\/en\/portfolio\/galvanized-sheet\/\" target=\"_self\" class=\"uael-post__complete-box-overlay\" aria-label=\"Link Complete Box\"><\/a>\n\t\t\t\t\n\t\t<div class=\"uael-post__inner-wrap uael-inner-wrap-disabled\">\n\n\t\t\t\t<div class=\"uael-post__thumbnail\">\n\t\t\t\n\t\t\t<a href=\"https:\/\/nordgroup.com.tr\/en\/portfolio\/galvanized-sheet\/\" target=\"_self\" title=\"Galvanized Steel Sheet\"><img loading=\"lazy\" decoding=\"async\" width=\"1000\" height=\"1000\" src=\"https:\/\/nordgroup.com.tr\/wp-content\/uploads\/2025\/07\/1-5.webp\" class=\"attachment-full size-full wp-image-5899\" alt=\"\" srcset=\"https:\/\/nordgroup.com.tr\/wp-content\/uploads\/2025\/07\/1-5.webp 1000w, https:\/\/nordgroup.com.tr\/wp-content\/uploads\/2025\/07\/1-5-300x300.webp 300w, https:\/\/nordgroup.com.tr\/wp-content\/uploads\/2025\/07\/1-5-150x150.webp 150w, https:\/\/nordgroup.com.tr\/wp-content\/uploads\/2025\/07\/1-5-768x768.webp 768w, https:\/\/nordgroup.com.tr\/wp-content\/uploads\/2025\/07\/1-5-960x960.webp 960w, https:\/\/nordgroup.com.tr\/wp-content\/uploads\/2025\/07\/1-5-640x640.webp 640w, https:\/\/nordgroup.com.tr\/wp-content\/uploads\/2025\/07\/1-5-480x480.webp 480w, https:\/\/nordgroup.com.tr\/wp-content\/uploads\/2025\/07\/1-5-384x384.webp 384w, https:\/\/nordgroup.com.tr\/wp-content\/uploads\/2025\/07\/1-5-320x320.webp 320w\" sizes=\"auto, (max-width: 1000px) 100vw, 1000px\" \/><\/a>\n\t\t\t\t\t<\/div>\n\t\t\n\t\t\t\n\t\t\t<div class=\"uael-post__content-wrap uael-content-wrap-disabled\">\n\t\t\t\t\t\t\t<div class=\"uael-post__terms-wrap\"><span class=\"uael-post__terms\"><span class=\"uael-listing__terms-link\">Iron Steel<\/span><\/span><\/div>\n\t\t\t\t\t\t<h3 class=\"uael-post__title\">\n\n\t\t\n\t\t\t\t\t\t<a href=\"https:\/\/nordgroup.com.tr\/en\/portfolio\/galvanized-sheet\/\" target=\"_self\">\n\t\t\t\tGalvanized Steel Sheet\t\t\t<\/a>\n\n\t\t\t\t<\/h3>\n\t\t\t\t\t<\/div>\n\t\t\t\n\t\t<\/div>\n\t\t\n\t<\/div>\n\n<\/div>\n\n<div class=\"uael-post-wrapper\">\n\t<div class=\"uael-post__bg-wrap uael-bg-wrap-disabled\">\n\n\t\t\t\t\t<a href=\"https:\/\/nordgroup.com.tr\/en\/portfolio\/patterned-sheet\/\" target=\"_self\" class=\"uael-post__complete-box-overlay\" aria-label=\"Link Complete Box\"><\/a>\n\t\t\t\t\n\t\t<div class=\"uael-post__inner-wrap uael-inner-wrap-disabled\">\n\n\t\t\t\t<div class=\"uael-post__thumbnail\">\n\t\t\t\n\t\t\t<a href=\"https:\/\/nordgroup.com.tr\/en\/portfolio\/patterned-sheet\/\" target=\"_self\" title=\"Patterned Sheet\"><img loading=\"lazy\" decoding=\"async\" width=\"1000\" height=\"1000\" src=\"https:\/\/nordgroup.com.tr\/wp-content\/uploads\/2025\/07\/1-4.webp\" class=\"attachment-full size-full wp-image-5894\" alt=\"\" srcset=\"https:\/\/nordgroup.com.tr\/wp-content\/uploads\/2025\/07\/1-4.webp 1000w, https:\/\/nordgroup.com.tr\/wp-content\/uploads\/2025\/07\/1-4-300x300.webp 300w, https:\/\/nordgroup.com.tr\/wp-content\/uploads\/2025\/07\/1-4-150x150.webp 150w, https:\/\/nordgroup.com.tr\/wp-content\/uploads\/2025\/07\/1-4-768x768.webp 768w, https:\/\/nordgroup.com.tr\/wp-content\/uploads\/2025\/07\/1-4-960x960.webp 960w, https:\/\/nordgroup.com.tr\/wp-content\/uploads\/2025\/07\/1-4-640x640.webp 640w, https:\/\/nordgroup.com.tr\/wp-content\/uploads\/2025\/07\/1-4-480x480.webp 480w, https:\/\/nordgroup.com.tr\/wp-content\/uploads\/2025\/07\/1-4-384x384.webp 384w, https:\/\/nordgroup.com.tr\/wp-content\/uploads\/2025\/07\/1-4-320x320.webp 320w\" sizes=\"auto, (max-width: 1000px) 100vw, 1000px\" \/><\/a>\n\t\t\t\t\t<\/div>\n\t\t\n\t\t\t\n\t\t\t<div class=\"uael-post__content-wrap uael-content-wrap-disabled\">\n\t\t\t\t\t\t\t<div class=\"uael-post__terms-wrap\"><span class=\"uael-post__terms\"><span class=\"uael-listing__terms-link\">Iron Steel<\/span><\/span><\/div>\n\t\t\t\t\t\t<h3 class=\"uael-post__title\">\n\n\t\t\n\t\t\t\t\t\t<a href=\"https:\/\/nordgroup.com.tr\/en\/portfolio\/patterned-sheet\/\" target=\"_self\">\n\t\t\t\tPatterned Sheet\t\t\t<\/a>\n\n\t\t\t\t<\/h3>\n\t\t\t\t\t<\/div>\n\t\t\t\n\t\t<\/div>\n\t\t\n\t<\/div>\n\n<\/div>\n\n<div class=\"uael-post-wrapper\">\n\t<div class=\"uael-post__bg-wrap uael-bg-wrap-disabled\">\n\n\t\t\t\t\t<a href=\"https:\/\/nordgroup.com.tr\/en\/portfolio\/flat-nervurlu-iron-rebars\/\" target=\"_self\" class=\"uael-post__complete-box-overlay\" aria-label=\"Link Complete Box\"><\/a>\n\t\t\t\t\n\t\t<div class=\"uael-post__inner-wrap uael-inner-wrap-disabled\">\n\n\t\t\t\t<div class=\"uael-post__thumbnail\">\n\t\t\t\n\t\t\t<a href=\"https:\/\/nordgroup.com.tr\/en\/portfolio\/flat-nervurlu-iron-rebars\/\" target=\"_self\" title=\"Plain &amp; Ribbed Iron (Rebars)\"><img loading=\"lazy\" decoding=\"async\" width=\"1000\" height=\"1000\" src=\"https:\/\/nordgroup.com.tr\/wp-content\/uploads\/2025\/08\/demirv2-02.webp\" class=\"attachment-full size-full wp-image-7554\" alt=\"\" srcset=\"https:\/\/nordgroup.com.tr\/wp-content\/uploads\/2025\/08\/demirv2-02.webp 1000w, https:\/\/nordgroup.com.tr\/wp-content\/uploads\/2025\/08\/demirv2-02-300x300.webp 300w, https:\/\/nordgroup.com.tr\/wp-content\/uploads\/2025\/08\/demirv2-02-150x150.webp 150w, https:\/\/nordgroup.com.tr\/wp-content\/uploads\/2025\/08\/demirv2-02-768x768.webp 768w, https:\/\/nordgroup.com.tr\/wp-content\/uploads\/2025\/08\/demirv2-02-960x960.webp 960w, https:\/\/nordgroup.com.tr\/wp-content\/uploads\/2025\/08\/demirv2-02-640x640.webp 640w, https:\/\/nordgroup.com.tr\/wp-content\/uploads\/2025\/08\/demirv2-02-480x480.webp 480w, https:\/\/nordgroup.com.tr\/wp-content\/uploads\/2025\/08\/demirv2-02-384x384.webp 384w, https:\/\/nordgroup.com.tr\/wp-content\/uploads\/2025\/08\/demirv2-02-320x320.webp 320w\" sizes=\"auto, (max-width: 1000px) 100vw, 1000px\" \/><\/a>\n\t\t\t\t\t<\/div>\n\t\t\n\t\t\t\n\t\t\t<div class=\"uael-post__content-wrap uael-content-wrap-disabled\">\n\t\t\t\t\t\t\t<div class=\"uael-post__terms-wrap\"><span class=\"uael-post__terms\"><span class=\"uael-listing__terms-link\">Iron Steel<\/span><\/span><\/div>\n\t\t\t\t\t\t<h3 class=\"uael-post__title\">\n\n\t\t\n\t\t\t\t\t\t<a href=\"https:\/\/nordgroup.com.tr\/en\/portfolio\/flat-nervurlu-iron-rebars\/\" target=\"_self\">\n\t\t\t\tPlain &amp; Ribbed Iron (Rebars)\t\t\t<\/a>\n\n\t\t\t\t<\/h3>\n\t\t\t\t\t<\/div>\n\t\t\t\n\t\t<\/div>\n\t\t\n\t<\/div>\n\n<\/div>\n\t\t\t\t<\/div>\n\t\t\t\t\t\t<div class=\"uael-post-inf-loader\">\n\t\t\t\t<div class=\"uael-post-loader-1\"><\/div>\n\t\t\t\t<div class=\"uael-post-loader-2\"><\/div>\n\t\t\t\t<div class=\"uael-post-loader-3\"><\/div>\n\t\t\t<\/div>\n\t\t\t\t\t\t\n\t\t<\/div>\n\n\t\t\t\t\t\t<\/div>\n\t\t<div class=\"uael-post__footer\">\n\t\t\t\t\t<\/div>\n\t\t\t\t\t\t<\/div>\n\t\t\t\t<\/div>\n\t\t\t\t\t<\/div>\n\t\t<\/div>\n\t\t\t\t\t<\/div>\n\t\t<\/section>\n\t\t\t\t<\/div>","protected":false},"excerpt":{"rendered":"<p>Demir \u00c7elik S\u0131cak Sac Demir \u00c7elik So\u011fuk Sac Demir \u00c7elik Kutu ve H Profiller Demir \u00c7elik Galvanizli Sac Demir \u00c7elik Desenli Sac Demir \u00c7elik D\u00fcz &#038; Nerv\u00fcrl\u00fc Demir (Rebars)<\/p>","protected":false},"author":1,"featured_media":0,"parent":5691,"menu_order":12,"comment_status":"closed","ping_status":"closed","template":"","meta":{"footnotes":""},"class_list":["post-6463","page","type-page","status-publish","hentry"],"_links":{"self":[{"href":"https:\/\/nordgroup.com.tr\/en\/wp-json\/wp\/v2\/pages\/6463","targetHints":{"allow":["GET"]}}],"collection":[{"href":"https:\/\/nordgroup.com.tr\/en\/wp-json\/wp\/v2\/pages"}],"about":[{"href":"https:\/\/nordgroup.com.tr\/en\/wp-json\/wp\/v2\/types\/page"}],"author":[{"embeddable":true,"href":"https:\/\/nordgroup.com.tr\/en\/wp-json\/wp\/v2\/users\/1"}],"replies":[{"embeddable":true,"href":"https:\/\/nordgroup.com.tr\/en\/wp-json\/wp\/v2\/comments?post=6463"}],"version-history":[{"count":1,"href":"https:\/\/nordgroup.com.tr\/en\/wp-json\/wp\/v2\/pages\/6463\/revisions"}],"predecessor-version":[{"id":7561,"href":"https:\/\/nordgroup.com.tr\/en\/wp-json\/wp\/v2\/pages\/6463\/revisions\/7561"}],"up":[{"embeddable":true,"href":"https:\/\/nordgroup.com.tr\/en\/wp-json\/wp\/v2\/pages\/5691"}],"wp:attachment":[{"href":"https:\/\/nordgroup.com.tr\/en\/wp-json\/wp\/v2\/media?parent=6463"}],"curies":[{"name":"wp","href":"https:\/\/api.w.org\/{rel}","templated":true}]}}