{"id":6466,"date":"2025-07-26T02:56:40","date_gmt":"2025-07-25T23:56:40","guid":{"rendered":"https:\/\/nordgroup.com.tr\/?page_id=6466"},"modified":"2025-07-27T17:26:39","modified_gmt":"2025-07-27T14:26:39","slug":"virgin","status":"publish","type":"page","link":"https:\/\/nordgroup.com.tr\/en\/our-products\/raw-materials\/virgin\/","title":{"rendered":"Copper"},"content":{"rendered":"<div data-elementor-type=\"wp-page\" data-elementor-id=\"6466\" class=\"elementor elementor-6466\">\n\t\t\t\t\t\t<section class=\"elementor-section elementor-top-section elementor-element elementor-element-ea46779 elementor-section-boxed elementor-section-height-default elementor-section-height-default\" data-id=\"ea46779\" data-element_type=\"section\" data-e-type=\"section\">\n\t\t\t\t\t\t<div class=\"elementor-container elementor-column-gap-default\">\n\t\t\t\t\t<div class=\"elementor-column elementor-col-100 elementor-top-column elementor-element elementor-element-9817e55\" data-id=\"9817e55\" data-element_type=\"column\" data-e-type=\"column\">\n\t\t\t<div class=\"elementor-widget-wrap elementor-element-populated\">\n\t\t\t\t\t\t<div class=\"elementor-element elementor-element-92e469e uael-post__link-complete-yes uael-equal__height-yes uael-posts-thumbnail-ratio elementor-widget elementor-widget-uael-posts\" data-id=\"92e469e\" data-element_type=\"widget\" data-e-type=\"widget\" data-settings=\"{&quot;classic_slides_to_show_mobile&quot;:2,&quot;classic_slides_to_show&quot;:3,&quot;classic_slides_to_show_tablet&quot;:2,&quot;classic_show_filters&quot;:&quot;no&quot;}\" data-widget_type=\"uael-posts.classic\">\n\t\t\t\t<div class=\"elementor-widget-container\">\n\t\t\t\t\t\t\t<div class=\"uael-post__header\">\n\t\t\t\t\t<\/div>\n\t\t<div class=\"uael-post__body\">\n\t\t\t\n\t\t\n\t\t<div class=\"uael-blog-terms-position-above_content uael-post-image-top uael-post-grid uael-posts\" data-query-type=\"custom\" data-structure=\"normal\" data-layout=\"\" data-page=\"6466\" data-skin=\"classic\" data-filter-default=\"\" data-offset-top=\"30\" >\n\n\t\t\t\t\t\t\t<div class=\"uael-post-grid__inner uael-post__columns-3 uael-post__columns-tablet-2 uael-post__columns-mobile-2 uael-post-infinite-scroll uael-post-infinite__event-scroll\">\n\t\t\t\n<div class=\"uael-post-wrapper\">\n\t<div class=\"uael-post__bg-wrap uael-bg-wrap-disabled\">\n\n\t\t\t\t\t<a href=\"https:\/\/nordgroup.com.tr\/en\/portfolio\/virgin-llama\/\" target=\"_self\" class=\"uael-post__complete-box-overlay\" aria-label=\"Link Complete Box\"><\/a>\n\t\t\t\t\n\t\t<div class=\"uael-post__inner-wrap uael-inner-wrap-disabled\">\n\n\t\t\t\t<div class=\"uael-post__thumbnail\">\n\t\t\t\n\t\t\t<a href=\"https:\/\/nordgroup.com.tr\/en\/portfolio\/virgin-llama\/\" target=\"_self\" title=\"Copper Lama\"><img loading=\"lazy\" decoding=\"async\" width=\"640\" height=\"640\" src=\"https:\/\/nordgroup.com.tr\/wp-content\/uploads\/2022\/01\/Bakir-Lama3.webp\" class=\"attachment-full size-full wp-image-5825\" alt=\"\" srcset=\"https:\/\/nordgroup.com.tr\/wp-content\/uploads\/2022\/01\/Bakir-Lama3.webp 640w, https:\/\/nordgroup.com.tr\/wp-content\/uploads\/2022\/01\/Bakir-Lama3-300x300.webp 300w, https:\/\/nordgroup.com.tr\/wp-content\/uploads\/2022\/01\/Bakir-Lama3-150x150.webp 150w, https:\/\/nordgroup.com.tr\/wp-content\/uploads\/2022\/01\/Bakir-Lama3-480x480.webp 480w, https:\/\/nordgroup.com.tr\/wp-content\/uploads\/2022\/01\/Bakir-Lama3-384x384.webp 384w, https:\/\/nordgroup.com.tr\/wp-content\/uploads\/2022\/01\/Bakir-Lama3-320x320.webp 320w\" sizes=\"auto, (max-width: 640px) 100vw, 640px\" \/><\/a>\n\t\t\t\t\t<\/div>\n\t\t\n\t\t\t\n\t\t\t<div class=\"uael-post__content-wrap uael-content-wrap-disabled\">\n\t\t\t\t\t\t\t<div class=\"uael-post__terms-wrap\"><span class=\"uael-post__terms\"><span class=\"uael-listing__terms-link\">Copper<\/span><\/span><\/div>\n\t\t\t\t\t\t<h3 class=\"uael-post__title\">\n\n\t\t\n\t\t\t\t\t\t<a href=\"https:\/\/nordgroup.com.tr\/en\/portfolio\/virgin-llama\/\" target=\"_self\">\n\t\t\t\tCopper Lama\t\t\t<\/a>\n\n\t\t\t\t<\/h3>\n\t\t\t\t\t<\/div>\n\t\t\t\n\t\t<\/div>\n\t\t\n\t<\/div>\n\n<\/div>\n\n<div class=\"uael-post-wrapper\">\n\t<div class=\"uael-post__bg-wrap uael-bg-wrap-disabled\">\n\n\t\t\t\t\t<a href=\"https:\/\/nordgroup.com.tr\/en\/portfolio\/copper-pipe\/\" target=\"_self\" class=\"uael-post__complete-box-overlay\" aria-label=\"Link Complete Box\"><\/a>\n\t\t\t\t\n\t\t<div class=\"uael-post__inner-wrap uael-inner-wrap-disabled\">\n\n\t\t\t\t<div class=\"uael-post__thumbnail\">\n\t\t\t\n\t\t\t<a href=\"https:\/\/nordgroup.com.tr\/en\/portfolio\/copper-pipe\/\" target=\"_self\" title=\"Copper Pipe\"><img loading=\"lazy\" decoding=\"async\" width=\"640\" height=\"640\" src=\"https:\/\/nordgroup.com.tr\/wp-content\/uploads\/2022\/01\/Bakir-Boru3.webp\" class=\"attachment-full size-full wp-image-5820\" alt=\"\" srcset=\"https:\/\/nordgroup.com.tr\/wp-content\/uploads\/2022\/01\/Bakir-Boru3.webp 640w, https:\/\/nordgroup.com.tr\/wp-content\/uploads\/2022\/01\/Bakir-Boru3-300x300.webp 300w, https:\/\/nordgroup.com.tr\/wp-content\/uploads\/2022\/01\/Bakir-Boru3-150x150.webp 150w, https:\/\/nordgroup.com.tr\/wp-content\/uploads\/2022\/01\/Bakir-Boru3-480x480.webp 480w, https:\/\/nordgroup.com.tr\/wp-content\/uploads\/2022\/01\/Bakir-Boru3-384x384.webp 384w, https:\/\/nordgroup.com.tr\/wp-content\/uploads\/2022\/01\/Bakir-Boru3-320x320.webp 320w\" sizes=\"auto, (max-width: 640px) 100vw, 640px\" \/><\/a>\n\t\t\t\t\t<\/div>\n\t\t\n\t\t\t\n\t\t\t<div class=\"uael-post__content-wrap uael-content-wrap-disabled\">\n\t\t\t\t\t\t\t<div class=\"uael-post__terms-wrap\"><span class=\"uael-post__terms\"><span class=\"uael-listing__terms-link\">Copper<\/span><\/span><\/div>\n\t\t\t\t\t\t<h3 class=\"uael-post__title\">\n\n\t\t\n\t\t\t\t\t\t<a href=\"https:\/\/nordgroup.com.tr\/en\/portfolio\/copper-pipe\/\" target=\"_self\">\n\t\t\t\tCopper Pipe\t\t\t<\/a>\n\n\t\t\t\t<\/h3>\n\t\t\t\t\t<\/div>\n\t\t\t\n\t\t<\/div>\n\t\t\n\t<\/div>\n\n<\/div>\n\n<div class=\"uael-post-wrapper\">\n\t<div class=\"uael-post__bg-wrap uael-bg-wrap-disabled\">\n\n\t\t\t\t\t<a href=\"https:\/\/nordgroup.com.tr\/en\/portfolio\/copper-rod\/\" target=\"_self\" class=\"uael-post__complete-box-overlay\" aria-label=\"Link Complete Box\"><\/a>\n\t\t\t\t\n\t\t<div class=\"uael-post__inner-wrap uael-inner-wrap-disabled\">\n\n\t\t\t\t<div class=\"uael-post__thumbnail\">\n\t\t\t\n\t\t\t<a href=\"https:\/\/nordgroup.com.tr\/en\/portfolio\/copper-rod\/\" target=\"_self\" title=\"Copper Rod\"><img loading=\"lazy\" decoding=\"async\" width=\"640\" height=\"640\" src=\"https:\/\/nordgroup.com.tr\/wp-content\/uploads\/2022\/01\/Bakir-Cubuk3.webp\" class=\"attachment-full size-full wp-image-5806\" alt=\"\" srcset=\"https:\/\/nordgroup.com.tr\/wp-content\/uploads\/2022\/01\/Bakir-Cubuk3.webp 640w, https:\/\/nordgroup.com.tr\/wp-content\/uploads\/2022\/01\/Bakir-Cubuk3-300x300.webp 300w, https:\/\/nordgroup.com.tr\/wp-content\/uploads\/2022\/01\/Bakir-Cubuk3-150x150.webp 150w, https:\/\/nordgroup.com.tr\/wp-content\/uploads\/2022\/01\/Bakir-Cubuk3-480x480.webp 480w, https:\/\/nordgroup.com.tr\/wp-content\/uploads\/2022\/01\/Bakir-Cubuk3-384x384.webp 384w, https:\/\/nordgroup.com.tr\/wp-content\/uploads\/2022\/01\/Bakir-Cubuk3-320x320.webp 320w\" sizes=\"auto, (max-width: 640px) 100vw, 640px\" \/><\/a>\n\t\t\t\t\t<\/div>\n\t\t\n\t\t\t\n\t\t\t<div class=\"uael-post__content-wrap uael-content-wrap-disabled\">\n\t\t\t\t\t\t\t<div class=\"uael-post__terms-wrap\"><span class=\"uael-post__terms\"><span class=\"uael-listing__terms-link\">Copper<\/span><\/span><\/div>\n\t\t\t\t\t\t<h3 class=\"uael-post__title\">\n\n\t\t\n\t\t\t\t\t\t<a href=\"https:\/\/nordgroup.com.tr\/en\/portfolio\/copper-rod\/\" target=\"_self\">\n\t\t\t\tCopper Rod\t\t\t<\/a>\n\n\t\t\t\t<\/h3>\n\t\t\t\t\t<\/div>\n\t\t\t\n\t\t<\/div>\n\t\t\n\t<\/div>\n\n<\/div>\n\n<div class=\"uael-post-wrapper\">\n\t<div class=\"uael-post__bg-wrap uael-bg-wrap-disabled\">\n\n\t\t\t\t\t<a href=\"https:\/\/nordgroup.com.tr\/en\/portfolio\/copper-filmasin\/\" target=\"_self\" class=\"uael-post__complete-box-overlay\" aria-label=\"Link Complete Box\"><\/a>\n\t\t\t\t\n\t\t<div class=\"uael-post__inner-wrap uael-inner-wrap-disabled\">\n\n\t\t\t\t<div class=\"uael-post__thumbnail\">\n\t\t\t\n\t\t\t<a href=\"https:\/\/nordgroup.com.tr\/en\/portfolio\/copper-filmasin\/\" target=\"_self\" title=\"Copper Wire Rod\"><img loading=\"lazy\" decoding=\"async\" width=\"640\" height=\"640\" src=\"https:\/\/nordgroup.com.tr\/wp-content\/uploads\/2022\/01\/Bakir-Filmasin4.webp\" class=\"attachment-full size-full wp-image-5828\" alt=\"\" srcset=\"https:\/\/nordgroup.com.tr\/wp-content\/uploads\/2022\/01\/Bakir-Filmasin4.webp 640w, https:\/\/nordgroup.com.tr\/wp-content\/uploads\/2022\/01\/Bakir-Filmasin4-300x300.webp 300w, https:\/\/nordgroup.com.tr\/wp-content\/uploads\/2022\/01\/Bakir-Filmasin4-150x150.webp 150w, https:\/\/nordgroup.com.tr\/wp-content\/uploads\/2022\/01\/Bakir-Filmasin4-480x480.webp 480w, https:\/\/nordgroup.com.tr\/wp-content\/uploads\/2022\/01\/Bakir-Filmasin4-384x384.webp 384w, https:\/\/nordgroup.com.tr\/wp-content\/uploads\/2022\/01\/Bakir-Filmasin4-320x320.webp 320w\" sizes=\"auto, (max-width: 640px) 100vw, 640px\" \/><\/a>\n\t\t\t\t\t<\/div>\n\t\t\n\t\t\t\n\t\t\t<div class=\"uael-post__content-wrap uael-content-wrap-disabled\">\n\t\t\t\t\t\t\t<div class=\"uael-post__terms-wrap\"><span class=\"uael-post__terms\"><span class=\"uael-listing__terms-link\">Copper<\/span><\/span><\/div>\n\t\t\t\t\t\t<h3 class=\"uael-post__title\">\n\n\t\t\n\t\t\t\t\t\t<a href=\"https:\/\/nordgroup.com.tr\/en\/portfolio\/copper-filmasin\/\" target=\"_self\">\n\t\t\t\tCopper Wire Rod\t\t\t<\/a>\n\n\t\t\t\t<\/h3>\n\t\t\t\t\t<\/div>\n\t\t\t\n\t\t<\/div>\n\t\t\n\t<\/div>\n\n<\/div>\n\n<div class=\"uael-post-wrapper\">\n\t<div class=\"uael-post__bg-wrap uael-bg-wrap-disabled\">\n\n\t\t\t\t\t<a href=\"https:\/\/nordgroup.com.tr\/en\/portfolio\/copper-flat-wire\/\" target=\"_self\" class=\"uael-post__complete-box-overlay\" aria-label=\"Link Complete Box\"><\/a>\n\t\t\t\t\n\t\t<div class=\"uael-post__inner-wrap uael-inner-wrap-disabled\">\n\n\t\t\t\t<div class=\"uael-post__thumbnail\">\n\t\t\t\n\t\t\t<a href=\"https:\/\/nordgroup.com.tr\/en\/portfolio\/copper-flat-wire\/\" target=\"_self\" title=\"Copper Flat Wire\"><img loading=\"lazy\" decoding=\"async\" width=\"640\" height=\"640\" src=\"https:\/\/nordgroup.com.tr\/wp-content\/uploads\/2022\/01\/Bakir-Yassi-Tel3.webp\" class=\"attachment-full size-full wp-image-5804\" alt=\"\" srcset=\"https:\/\/nordgroup.com.tr\/wp-content\/uploads\/2022\/01\/Bakir-Yassi-Tel3.webp 640w, https:\/\/nordgroup.com.tr\/wp-content\/uploads\/2022\/01\/Bakir-Yassi-Tel3-300x300.webp 300w, https:\/\/nordgroup.com.tr\/wp-content\/uploads\/2022\/01\/Bakir-Yassi-Tel3-150x150.webp 150w, https:\/\/nordgroup.com.tr\/wp-content\/uploads\/2022\/01\/Bakir-Yassi-Tel3-480x480.webp 480w, https:\/\/nordgroup.com.tr\/wp-content\/uploads\/2022\/01\/Bakir-Yassi-Tel3-384x384.webp 384w, https:\/\/nordgroup.com.tr\/wp-content\/uploads\/2022\/01\/Bakir-Yassi-Tel3-320x320.webp 320w\" sizes=\"auto, (max-width: 640px) 100vw, 640px\" \/><\/a>\n\t\t\t\t\t<\/div>\n\t\t\n\t\t\t\n\t\t\t<div class=\"uael-post__content-wrap uael-content-wrap-disabled\">\n\t\t\t\t\t\t\t<div class=\"uael-post__terms-wrap\"><span class=\"uael-post__terms\"><span class=\"uael-listing__terms-link\">Copper<\/span><\/span><\/div>\n\t\t\t\t\t\t<h3 class=\"uael-post__title\">\n\n\t\t\n\t\t\t\t\t\t<a href=\"https:\/\/nordgroup.com.tr\/en\/portfolio\/copper-flat-wire\/\" target=\"_self\">\n\t\t\t\tCopper Flat Wire\t\t\t<\/a>\n\n\t\t\t\t<\/h3>\n\t\t\t\t\t<\/div>\n\t\t\t\n\t\t<\/div>\n\t\t\n\t<\/div>\n\n<\/div>\n\n<div class=\"uael-post-wrapper\">\n\t<div class=\"uael-post__bg-wrap uael-bg-wrap-disabled\">\n\n\t\t\t\t\t<a href=\"https:\/\/nordgroup.com.tr\/en\/portfolio\/virgin-serit\/\" target=\"_self\" class=\"uael-post__complete-box-overlay\" aria-label=\"Link Complete Box\"><\/a>\n\t\t\t\t\n\t\t<div class=\"uael-post__inner-wrap uael-inner-wrap-disabled\">\n\n\t\t\t\t<div class=\"uael-post__thumbnail\">\n\t\t\t\n\t\t\t<a href=\"https:\/\/nordgroup.com.tr\/en\/portfolio\/virgin-serit\/\" target=\"_self\" title=\"Copper Strip\"><img loading=\"lazy\" decoding=\"async\" width=\"640\" height=\"640\" src=\"https:\/\/nordgroup.com.tr\/wp-content\/uploads\/2022\/01\/bakir-serit3.webp\" class=\"attachment-full size-full wp-image-5801\" alt=\"\" srcset=\"https:\/\/nordgroup.com.tr\/wp-content\/uploads\/2022\/01\/bakir-serit3.webp 640w, https:\/\/nordgroup.com.tr\/wp-content\/uploads\/2022\/01\/bakir-serit3-300x300.webp 300w, https:\/\/nordgroup.com.tr\/wp-content\/uploads\/2022\/01\/bakir-serit3-150x150.webp 150w, https:\/\/nordgroup.com.tr\/wp-content\/uploads\/2022\/01\/bakir-serit3-480x480.webp 480w, https:\/\/nordgroup.com.tr\/wp-content\/uploads\/2022\/01\/bakir-serit3-384x384.webp 384w, https:\/\/nordgroup.com.tr\/wp-content\/uploads\/2022\/01\/bakir-serit3-320x320.webp 320w\" sizes=\"auto, (max-width: 640px) 100vw, 640px\" \/><\/a>\n\t\t\t\t\t<\/div>\n\t\t\n\t\t\t\n\t\t\t<div class=\"uael-post__content-wrap uael-content-wrap-disabled\">\n\t\t\t\t\t\t\t<div class=\"uael-post__terms-wrap\"><span class=\"uael-post__terms\"><span class=\"uael-listing__terms-link\">Copper<\/span><\/span><\/div>\n\t\t\t\t\t\t<h3 class=\"uael-post__title\">\n\n\t\t\n\t\t\t\t\t\t<a href=\"https:\/\/nordgroup.com.tr\/en\/portfolio\/virgin-serit\/\" target=\"_self\">\n\t\t\t\tCopper Strip\t\t\t<\/a>\n\n\t\t\t\t<\/h3>\n\t\t\t\t\t<\/div>\n\t\t\t\n\t\t<\/div>\n\t\t\n\t<\/div>\n\n<\/div>\n\n<div class=\"uael-post-wrapper\">\n\t<div class=\"uael-post__bg-wrap uael-bg-wrap-disabled\">\n\n\t\t\t\t\t<a href=\"https:\/\/nordgroup.com.tr\/en\/portfolio\/copper-sheet\/\" target=\"_self\" class=\"uael-post__complete-box-overlay\" aria-label=\"Link Complete Box\"><\/a>\n\t\t\t\t\n\t\t<div class=\"uael-post__inner-wrap uael-inner-wrap-disabled\">\n\n\t\t\t\t<div class=\"uael-post__thumbnail\">\n\t\t\t\n\t\t\t<a href=\"https:\/\/nordgroup.com.tr\/en\/portfolio\/copper-sheet\/\" target=\"_self\" title=\"Copper Sheet\"><img loading=\"lazy\" decoding=\"async\" width=\"640\" height=\"640\" src=\"https:\/\/nordgroup.com.tr\/wp-content\/uploads\/2022\/01\/Bakir-Levha3.webp\" class=\"attachment-full size-full wp-image-5799\" alt=\"\" srcset=\"https:\/\/nordgroup.com.tr\/wp-content\/uploads\/2022\/01\/Bakir-Levha3.webp 640w, https:\/\/nordgroup.com.tr\/wp-content\/uploads\/2022\/01\/Bakir-Levha3-300x300.webp 300w, https:\/\/nordgroup.com.tr\/wp-content\/uploads\/2022\/01\/Bakir-Levha3-150x150.webp 150w, https:\/\/nordgroup.com.tr\/wp-content\/uploads\/2022\/01\/Bakir-Levha3-480x480.webp 480w, https:\/\/nordgroup.com.tr\/wp-content\/uploads\/2022\/01\/Bakir-Levha3-384x384.webp 384w, https:\/\/nordgroup.com.tr\/wp-content\/uploads\/2022\/01\/Bakir-Levha3-320x320.webp 320w\" sizes=\"auto, (max-width: 640px) 100vw, 640px\" \/><\/a>\n\t\t\t\t\t<\/div>\n\t\t\n\t\t\t\n\t\t\t<div class=\"uael-post__content-wrap uael-content-wrap-disabled\">\n\t\t\t\t\t\t\t<div class=\"uael-post__terms-wrap\"><span class=\"uael-post__terms\"><span class=\"uael-listing__terms-link\">Copper<\/span><\/span><\/div>\n\t\t\t\t\t\t<h3 class=\"uael-post__title\">\n\n\t\t\n\t\t\t\t\t\t<a href=\"https:\/\/nordgroup.com.tr\/en\/portfolio\/copper-sheet\/\" target=\"_self\">\n\t\t\t\tCopper Sheet\t\t\t<\/a>\n\n\t\t\t\t<\/h3>\n\t\t\t\t\t<\/div>\n\t\t\t\n\t\t<\/div>\n\t\t\n\t<\/div>\n\n<\/div>\n\t\t\t\t<\/div>\n\t\t\t\t\t\t<div class=\"uael-post-inf-loader\">\n\t\t\t\t<div class=\"uael-post-loader-1\"><\/div>\n\t\t\t\t<div class=\"uael-post-loader-2\"><\/div>\n\t\t\t\t<div class=\"uael-post-loader-3\"><\/div>\n\t\t\t<\/div>\n\t\t\t\t\t\t\n\t\t<\/div>\n\n\t\t\t\t\t\t<\/div>\n\t\t<div class=\"uael-post__footer\">\n\t\t\t\t\t<\/div>\n\t\t\t\t\t\t<\/div>\n\t\t\t\t<\/div>\n\t\t\t\t\t<\/div>\n\t\t<\/div>\n\t\t\t\t\t<\/div>\n\t\t<\/section>\n\t\t\t\t<\/div>","protected":false},"excerpt":{"rendered":"<p>Bak\u0131r Bak\u0131r Filma\u015fin Bak\u0131r Bak\u0131r Lama Bak\u0131r Bak\u0131r Yass\u0131 Tel Bak\u0131r Bak\u0131r Boru Bak\u0131r Bak\u0131r \u00c7ubuk Bak\u0131r Bak\u0131r Levha<\/p>","protected":false},"author":1,"featured_media":0,"parent":5691,"menu_order":12,"comment_status":"closed","ping_status":"closed","template":"","meta":{"footnotes":""},"class_list":["post-6466","page","type-page","status-publish","hentry"],"_links":{"self":[{"href":"https:\/\/nordgroup.com.tr\/en\/wp-json\/wp\/v2\/pages\/6466","targetHints":{"allow":["GET"]}}],"collection":[{"href":"https:\/\/nordgroup.com.tr\/en\/wp-json\/wp\/v2\/pages"}],"about":[{"href":"https:\/\/nordgroup.com.tr\/en\/wp-json\/wp\/v2\/types\/page"}],"author":[{"embeddable":true,"href":"https:\/\/nordgroup.com.tr\/en\/wp-json\/wp\/v2\/users\/1"}],"replies":[{"embeddable":true,"href":"https:\/\/nordgroup.com.tr\/en\/wp-json\/wp\/v2\/comments?post=6466"}],"version-history":[{"count":1,"href":"https:\/\/nordgroup.com.tr\/en\/wp-json\/wp\/v2\/pages\/6466\/revisions"}],"predecessor-version":[{"id":6713,"href":"https:\/\/nordgroup.com.tr\/en\/wp-json\/wp\/v2\/pages\/6466\/revisions\/6713"}],"up":[{"embeddable":true,"href":"https:\/\/nordgroup.com.tr\/en\/wp-json\/wp\/v2\/pages\/5691"}],"wp:attachment":[{"href":"https:\/\/nordgroup.com.tr\/en\/wp-json\/wp\/v2\/media?parent=6466"}],"curies":[{"name":"wp","href":"https:\/\/api.w.org\/{rel}","templated":true}]}}