{"id":6471,"date":"2025-07-26T02:58:44","date_gmt":"2025-07-25T23:58:44","guid":{"rendered":"https:\/\/nordgroup.com.tr\/?page_id=6471"},"modified":"2025-07-27T18:24:28","modified_gmt":"2025-07-27T15:24:28","slug":"engineering-plastics","status":"publish","type":"page","link":"https:\/\/nordgroup.com.tr\/en\/our-products\/polymers\/engineering-plastics\/","title":{"rendered":"Engineering Plastics"},"content":{"rendered":"<div data-elementor-type=\"wp-page\" data-elementor-id=\"6471\" class=\"elementor elementor-6471\">\n\t\t\t\t<div class=\"elementor-element elementor-element-48d527b e-grid e-con-boxed e-con e-parent\" data-id=\"48d527b\" data-element_type=\"container\" data-e-type=\"container\">\n\t\t\t\t\t<div class=\"e-con-inner\">\n\t\t\t\t<div class=\"elementor-element elementor-element-209d1b3 elementor-position-top elementor-widget elementor-widget-image-box\" data-id=\"209d1b3\" data-element_type=\"widget\" data-e-type=\"widget\" data-widget_type=\"image-box.default\">\n\t\t\t\t\t<div class=\"elementor-image-box-wrapper\"><figure class=\"elementor-image-box-img\"><a href=\"#\" tabindex=\"-1\"><img loading=\"lazy\" decoding=\"async\" width=\"800\" height=\"471\" src=\"https:\/\/nordgroup.com.tr\/wp-content\/uploads\/2025\/07\/ABS.webp\" class=\"attachment-full size-full wp-image-6767\" alt=\"\" srcset=\"https:\/\/nordgroup.com.tr\/wp-content\/uploads\/2025\/07\/ABS.webp 800w, https:\/\/nordgroup.com.tr\/wp-content\/uploads\/2025\/07\/ABS-768x452.webp 768w\" sizes=\"auto, (max-width: 800px) 100vw, 800px\" \/><\/a><\/figure><div class=\"elementor-image-box-content\"><h3 class=\"elementor-image-box-title\"><a href=\"#\">ABS<\/a><\/h3><p class=\"elementor-image-box-description\">Engineering Plastics<\/p><\/div><\/div>\t\t\t\t<\/div>\n\t\t\t\t<div class=\"elementor-element elementor-element-460c3f1 elementor-position-top elementor-widget elementor-widget-image-box\" data-id=\"460c3f1\" data-element_type=\"widget\" data-e-type=\"widget\" data-widget_type=\"image-box.default\">\n\t\t\t\t\t<div class=\"elementor-image-box-wrapper\"><figure class=\"elementor-image-box-img\"><a href=\"#\" tabindex=\"-1\"><img loading=\"lazy\" decoding=\"async\" width=\"800\" height=\"471\" src=\"https:\/\/nordgroup.com.tr\/wp-content\/uploads\/2025\/07\/PC.webp\" class=\"attachment-full size-full wp-image-6766\" alt=\"\" srcset=\"https:\/\/nordgroup.com.tr\/wp-content\/uploads\/2025\/07\/PC.webp 800w, https:\/\/nordgroup.com.tr\/wp-content\/uploads\/2025\/07\/PC-768x452.webp 768w\" sizes=\"auto, (max-width: 800px) 100vw, 800px\" \/><\/a><\/figure><div class=\"elementor-image-box-content\"><h3 class=\"elementor-image-box-title\"><a href=\"#\">PC<\/a><\/h3><p class=\"elementor-image-box-description\">Engineering Plastics<\/p><\/div><\/div>\t\t\t\t<\/div>\n\t\t\t\t<div class=\"elementor-element elementor-element-f30d897 elementor-position-top elementor-widget elementor-widget-image-box\" data-id=\"f30d897\" data-element_type=\"widget\" data-e-type=\"widget\" data-widget_type=\"image-box.default\">\n\t\t\t\t\t<div class=\"elementor-image-box-wrapper\"><figure class=\"elementor-image-box-img\"><a href=\"#\" tabindex=\"-1\"><img loading=\"lazy\" decoding=\"async\" width=\"800\" height=\"471\" src=\"https:\/\/nordgroup.com.tr\/wp-content\/uploads\/2025\/07\/PA6.webp\" class=\"attachment-full size-full wp-image-6765\" alt=\"\" srcset=\"https:\/\/nordgroup.com.tr\/wp-content\/uploads\/2025\/07\/PA6.webp 800w, https:\/\/nordgroup.com.tr\/wp-content\/uploads\/2025\/07\/PA6-768x452.webp 768w\" sizes=\"auto, (max-width: 800px) 100vw, 800px\" \/><\/a><\/figure><div class=\"elementor-image-box-content\"><h3 class=\"elementor-image-box-title\"><a href=\"#\">PA6<\/a><\/h3><p class=\"elementor-image-box-description\">Engineering Plastics<\/p><\/div><\/div>\t\t\t\t<\/div>\n\t\t\t\t<div class=\"elementor-element elementor-element-d51aa23 elementor-position-top elementor-widget elementor-widget-image-box\" data-id=\"d51aa23\" data-element_type=\"widget\" data-e-type=\"widget\" data-widget_type=\"image-box.default\">\n\t\t\t\t\t<div class=\"elementor-image-box-wrapper\"><figure class=\"elementor-image-box-img\"><a href=\"#\" tabindex=\"-1\"><img loading=\"lazy\" decoding=\"async\" width=\"800\" height=\"471\" src=\"https:\/\/nordgroup.com.tr\/wp-content\/uploads\/2025\/07\/PA66.webp\" class=\"attachment-full size-full wp-image-6764\" alt=\"\" srcset=\"https:\/\/nordgroup.com.tr\/wp-content\/uploads\/2025\/07\/PA66.webp 800w, https:\/\/nordgroup.com.tr\/wp-content\/uploads\/2025\/07\/PA66-768x452.webp 768w\" sizes=\"auto, (max-width: 800px) 100vw, 800px\" \/><\/a><\/figure><div class=\"elementor-image-box-content\"><h3 class=\"elementor-image-box-title\"><a href=\"#\">PA66<\/a><\/h3><p class=\"elementor-image-box-description\">Engineering Plastics<\/p><\/div><\/div>\t\t\t\t<\/div>\n\t\t\t\t<div class=\"elementor-element elementor-element-24046a0 elementor-position-top elementor-widget elementor-widget-image-box\" data-id=\"24046a0\" data-element_type=\"widget\" data-e-type=\"widget\" data-widget_type=\"image-box.default\">\n\t\t\t\t\t<div class=\"elementor-image-box-wrapper\"><figure class=\"elementor-image-box-img\"><a href=\"#\" tabindex=\"-1\"><img loading=\"lazy\" decoding=\"async\" width=\"800\" height=\"471\" src=\"https:\/\/nordgroup.com.tr\/wp-content\/uploads\/2025\/07\/SAN.webp\" class=\"attachment-full size-full wp-image-6763\" alt=\"\" srcset=\"https:\/\/nordgroup.com.tr\/wp-content\/uploads\/2025\/07\/SAN.webp 800w, https:\/\/nordgroup.com.tr\/wp-content\/uploads\/2025\/07\/SAN-768x452.webp 768w\" sizes=\"auto, (max-width: 800px) 100vw, 800px\" \/><\/a><\/figure><div class=\"elementor-image-box-content\"><h3 class=\"elementor-image-box-title\"><a href=\"#\">SAN<\/a><\/h3><p class=\"elementor-image-box-description\">Engineering Plastics<\/p><\/div><\/div>\t\t\t\t<\/div>\n\t\t\t\t<div class=\"elementor-element elementor-element-5ce0d4c elementor-position-top elementor-widget elementor-widget-image-box\" data-id=\"5ce0d4c\" data-element_type=\"widget\" data-e-type=\"widget\" data-widget_type=\"image-box.default\">\n\t\t\t\t\t<div class=\"elementor-image-box-wrapper\"><figure class=\"elementor-image-box-img\"><a href=\"#\" tabindex=\"-1\"><img loading=\"lazy\" decoding=\"async\" width=\"800\" height=\"471\" src=\"https:\/\/nordgroup.com.tr\/wp-content\/uploads\/2025\/07\/POM.webp\" class=\"attachment-full size-full wp-image-6762\" alt=\"\" srcset=\"https:\/\/nordgroup.com.tr\/wp-content\/uploads\/2025\/07\/POM.webp 800w, https:\/\/nordgroup.com.tr\/wp-content\/uploads\/2025\/07\/POM-768x452.webp 768w\" sizes=\"auto, (max-width: 800px) 100vw, 800px\" \/><\/a><\/figure><div class=\"elementor-image-box-content\"><h3 class=\"elementor-image-box-title\"><a href=\"#\">POM<\/a><\/h3><p class=\"elementor-image-box-description\">Engineering Plastics<\/p><\/div><\/div>\t\t\t\t<\/div>\n\t\t\t\t<div class=\"elementor-element elementor-element-ed79557 elementor-position-top elementor-widget elementor-widget-image-box\" data-id=\"ed79557\" data-element_type=\"widget\" data-e-type=\"widget\" data-widget_type=\"image-box.default\">\n\t\t\t\t\t<div class=\"elementor-image-box-wrapper\"><figure class=\"elementor-image-box-img\"><a href=\"#\" tabindex=\"-1\"><img loading=\"lazy\" decoding=\"async\" width=\"800\" height=\"471\" src=\"https:\/\/nordgroup.com.tr\/wp-content\/uploads\/2025\/07\/PMMA.webp\" class=\"attachment-full size-full wp-image-6761\" alt=\"\" srcset=\"https:\/\/nordgroup.com.tr\/wp-content\/uploads\/2025\/07\/PMMA.webp 800w, https:\/\/nordgroup.com.tr\/wp-content\/uploads\/2025\/07\/PMMA-768x452.webp 768w\" sizes=\"auto, (max-width: 800px) 100vw, 800px\" \/><\/a><\/figure><div class=\"elementor-image-box-content\"><h3 class=\"elementor-image-box-title\"><a href=\"#\">PMMA<\/a><\/h3><p class=\"elementor-image-box-description\">Engineering Plastics<\/p><\/div><\/div>\t\t\t\t<\/div>\n\t\t\t\t<div class=\"elementor-element elementor-element-6932a35 elementor-position-top elementor-widget elementor-widget-image-box\" data-id=\"6932a35\" data-element_type=\"widget\" data-e-type=\"widget\" data-widget_type=\"image-box.default\">\n\t\t\t\t\t<div class=\"elementor-image-box-wrapper\"><figure class=\"elementor-image-box-img\"><a href=\"#\" tabindex=\"-1\"><img loading=\"lazy\" decoding=\"async\" width=\"800\" height=\"471\" src=\"https:\/\/nordgroup.com.tr\/wp-content\/uploads\/2025\/07\/PPS.webp\" class=\"attachment-full size-full wp-image-6760\" alt=\"\" srcset=\"https:\/\/nordgroup.com.tr\/wp-content\/uploads\/2025\/07\/PPS.webp 800w, https:\/\/nordgroup.com.tr\/wp-content\/uploads\/2025\/07\/PPS-768x452.webp 768w\" sizes=\"auto, (max-width: 800px) 100vw, 800px\" \/><\/a><\/figure><div class=\"elementor-image-box-content\"><h3 class=\"elementor-image-box-title\"><a href=\"#\">PPS<\/a><\/h3><p class=\"elementor-image-box-description\">Engineering Plastics<\/p><\/div><\/div>\t\t\t\t<\/div>\n\t\t\t\t<div class=\"elementor-element elementor-element-5a212bb elementor-position-top elementor-widget elementor-widget-image-box\" data-id=\"5a212bb\" data-element_type=\"widget\" data-e-type=\"widget\" data-widget_type=\"image-box.default\">\n\t\t\t\t\t<div class=\"elementor-image-box-wrapper\"><figure class=\"elementor-image-box-img\"><a href=\"#\" tabindex=\"-1\"><img loading=\"lazy\" decoding=\"async\" width=\"800\" height=\"471\" src=\"https:\/\/nordgroup.com.tr\/wp-content\/uploads\/2025\/07\/PPO.webp\" class=\"attachment-full size-full wp-image-6759\" alt=\"\" srcset=\"https:\/\/nordgroup.com.tr\/wp-content\/uploads\/2025\/07\/PPO.webp 800w, https:\/\/nordgroup.com.tr\/wp-content\/uploads\/2025\/07\/PPO-768x452.webp 768w\" sizes=\"auto, (max-width: 800px) 100vw, 800px\" \/><\/a><\/figure><div class=\"elementor-image-box-content\"><h3 class=\"elementor-image-box-title\"><a href=\"#\">PPO<\/a><\/h3><p class=\"elementor-image-box-description\">Engineering Plastics<\/p><\/div><\/div>\t\t\t\t<\/div>\n\t\t\t\t\t<\/div>\n\t\t\t\t<\/div>\n\t\t\t\t<\/div>","protected":false},"excerpt":{"rendered":"<p>ABS M\u00fchendislik Plastikleri PC M\u00fchendislik Plastikleri PA6 M\u00fchendislik Plastikleri PA66 M\u00fchendislik Plastikleri SAN M\u00fchendislik Plastikleri POM M\u00fchendislik Plastikleri PMMA M\u00fchendislik Plastikleri PPS M\u00fchendislik Plastikleri PPO M\u00fchendislik Plastikleri<\/p>","protected":false},"author":1,"featured_media":0,"parent":5692,"menu_order":13,"comment_status":"closed","ping_status":"closed","template":"","meta":{"footnotes":""},"class_list":["post-6471","page","type-page","status-publish","hentry"],"_links":{"self":[{"href":"https:\/\/nordgroup.com.tr\/en\/wp-json\/wp\/v2\/pages\/6471","targetHints":{"allow":["GET"]}}],"collection":[{"href":"https:\/\/nordgroup.com.tr\/en\/wp-json\/wp\/v2\/pages"}],"about":[{"href":"https:\/\/nordgroup.com.tr\/en\/wp-json\/wp\/v2\/types\/page"}],"author":[{"embeddable":true,"href":"https:\/\/nordgroup.com.tr\/en\/wp-json\/wp\/v2\/users\/1"}],"replies":[{"embeddable":true,"href":"https:\/\/nordgroup.com.tr\/en\/wp-json\/wp\/v2\/comments?post=6471"}],"version-history":[{"count":1,"href":"https:\/\/nordgroup.com.tr\/en\/wp-json\/wp\/v2\/pages\/6471\/revisions"}],"predecessor-version":[{"id":6770,"href":"https:\/\/nordgroup.com.tr\/en\/wp-json\/wp\/v2\/pages\/6471\/revisions\/6770"}],"up":[{"embeddable":true,"href":"https:\/\/nordgroup.com.tr\/en\/wp-json\/wp\/v2\/pages\/5692"}],"wp:attachment":[{"href":"https:\/\/nordgroup.com.tr\/en\/wp-json\/wp\/v2\/media?parent=6471"}],"curies":[{"name":"wp","href":"https:\/\/api.w.org\/{rel}","templated":true}]}}