{"id":6501,"date":"2025-07-26T03:04:45","date_gmt":"2025-07-26T00:04:45","guid":{"rendered":"https:\/\/nordgroup.com.tr\/?page_id=6501"},"modified":"2025-07-30T15:08:40","modified_gmt":"2025-07-30T12:08:40","slug":"low-voltage-cables","status":"publish","type":"page","link":"https:\/\/nordgroup.com.tr\/en\/our-products\/cables\/low-voltage-cables\/","title":{"rendered":"Low Voltage Cables"},"content":{"rendered":"<div data-elementor-type=\"wp-page\" data-elementor-id=\"6501\" class=\"elementor elementor-6501\">\n\t\t\t\t\t\t<section class=\"elementor-section elementor-top-section elementor-element elementor-element-adf5f64 elementor-section-boxed elementor-section-height-default elementor-section-height-default\" data-id=\"adf5f64\" data-element_type=\"section\" data-e-type=\"section\">\n\t\t\t\t\t\t<div class=\"elementor-container elementor-column-gap-default\">\n\t\t\t\t\t<div class=\"elementor-column elementor-col-100 elementor-top-column elementor-element elementor-element-c36a390\" data-id=\"c36a390\" data-element_type=\"column\" data-e-type=\"column\">\n\t\t\t<div class=\"elementor-widget-wrap elementor-element-populated\">\n\t\t\t\t\t\t<div class=\"elementor-element elementor-element-ff25873 uael-post__link-complete-yes uael-equal__height-yes uael-posts-thumbnail-ratio elementor-widget elementor-widget-uael-posts\" data-id=\"ff25873\" data-element_type=\"widget\" data-e-type=\"widget\" data-settings=\"{&quot;classic_slides_to_show_mobile&quot;:2,&quot;classic_slides_to_show&quot;:3,&quot;classic_slides_to_show_tablet&quot;:2,&quot;classic_show_filters&quot;:&quot;no&quot;}\" data-widget_type=\"uael-posts.classic\">\n\t\t\t\t<div class=\"elementor-widget-container\">\n\t\t\t\t\t\t\t<div class=\"uael-post__header\">\n\t\t\t\t\t<\/div>\n\t\t<div class=\"uael-post__body\">\n\t\t\t\n\t\t\n\t\t<div class=\"uael-blog-terms-position-above_content uael-post-image-top uael-post-grid uael-posts\" data-query-type=\"custom\" data-structure=\"normal\" data-layout=\"\" data-page=\"6501\" data-skin=\"classic\" data-filter-default=\"\" data-offset-top=\"30\" >\n\n\t\t\t\t\t\t\t<div class=\"uael-post-grid__inner uael-post__columns-3 uael-post__columns-tablet-2 uael-post__columns-mobile-2 uael-post-infinite-scroll uael-post-infinite__event-scroll\">\n\t\t\t\n<div class=\"uael-post-wrapper\">\n\t<div class=\"uael-post__bg-wrap uael-bg-wrap-disabled\">\n\n\t\t\t\t\t<a href=\"https:\/\/nordgroup.com.tr\/en\/portfolio\/nyy\/\" target=\"_self\" class=\"uael-post__complete-box-overlay\" aria-label=\"Link Complete Box\"><\/a>\n\t\t\t\t\n\t\t<div class=\"uael-post__inner-wrap uael-inner-wrap-disabled\">\n\n\t\t\t\t<div class=\"uael-post__thumbnail\">\n\t\t\t\n\t\t\t<a href=\"https:\/\/nordgroup.com.tr\/en\/portfolio\/nyy\/\" target=\"_self\" title=\"NYY &#8211; PVC \u0130zoleli A\u011f\u0131r Ak\u0131m Kablosu 0,6\/1 kV\"><img loading=\"lazy\" decoding=\"async\" width=\"530\" height=\"456\" src=\"https:\/\/nordgroup.com.tr\/wp-content\/uploads\/2025\/07\/Untitled-1-57.webp\" class=\"attachment-full size-full wp-image-6834\" alt=\"\" \/><\/a>\n\t\t\t\t\t<\/div>\n\t\t\n\t\t\t\n\t\t\t<div class=\"uael-post__content-wrap uael-content-wrap-disabled\">\n\t\t\t\t\t\t\t<div class=\"uael-post__terms-wrap\"><span class=\"uael-post__terms\"><span class=\"uael-listing__terms-link\">Low Voltage Cables<\/span><\/span><\/div>\n\t\t\t\t\t\t<h3 class=\"uael-post__title\">\n\n\t\t\n\t\t\t\t\t\t<a href=\"https:\/\/nordgroup.com.tr\/en\/portfolio\/nyy\/\" target=\"_self\">\n\t\t\t\tNYY - PVC Insulated Heavy Current Cable 0.6\/1 kV\t\t\t<\/a>\n\n\t\t\t\t<\/h3>\n\t\t\t\t\t<\/div>\n\t\t\t\n\t\t<\/div>\n\t\t\n\t<\/div>\n\n<\/div>\n\n<div class=\"uael-post-wrapper\">\n\t<div class=\"uael-post__bg-wrap uael-bg-wrap-disabled\">\n\n\t\t\t\t\t<a href=\"https:\/\/nordgroup.com.tr\/en\/portfolio\/nycy\/\" target=\"_self\" class=\"uael-post__complete-box-overlay\" aria-label=\"Link Complete Box\"><\/a>\n\t\t\t\t\n\t\t<div class=\"uael-post__inner-wrap uael-inner-wrap-disabled\">\n\n\t\t\t\t<div class=\"uael-post__thumbnail\">\n\t\t\t\n\t\t\t<a href=\"https:\/\/nordgroup.com.tr\/en\/portfolio\/nycy\/\" target=\"_self\" title=\"NYCY &#8211; PVC \u0130zoleli A\u011f\u0131r Ak\u0131m Kablosu (E\u015fmerkezli \u0130letkenli)\"><img loading=\"lazy\" decoding=\"async\" width=\"530\" height=\"456\" src=\"https:\/\/nordgroup.com.tr\/wp-content\/uploads\/2025\/07\/Untitled-1-56.webp\" class=\"attachment-full size-full wp-image-6833\" alt=\"\" \/><\/a>\n\t\t\t\t\t<\/div>\n\t\t\n\t\t\t\n\t\t\t<div class=\"uael-post__content-wrap uael-content-wrap-disabled\">\n\t\t\t\t\t\t\t<div class=\"uael-post__terms-wrap\"><span class=\"uael-post__terms\"><span class=\"uael-listing__terms-link\">Low Voltage Cables<\/span><\/span><\/div>\n\t\t\t\t\t\t<h3 class=\"uael-post__title\">\n\n\t\t\n\t\t\t\t\t\t<a href=\"https:\/\/nordgroup.com.tr\/en\/portfolio\/nycy\/\" target=\"_self\">\n\t\t\t\tNYCY - PVC Insulated Heavy Current Cable (Concentric Conductor)\t\t\t<\/a>\n\n\t\t\t\t<\/h3>\n\t\t\t\t\t<\/div>\n\t\t\t\n\t\t<\/div>\n\t\t\n\t<\/div>\n\n<\/div>\n\n<div class=\"uael-post-wrapper\">\n\t<div class=\"uael-post__bg-wrap uael-bg-wrap-disabled\">\n\n\t\t\t\t\t<a href=\"https:\/\/nordgroup.com.tr\/en\/portfolio\/nycwy\/\" target=\"_self\" class=\"uael-post__complete-box-overlay\" aria-label=\"Link Complete Box\"><\/a>\n\t\t\t\t\n\t\t<div class=\"uael-post__inner-wrap uael-inner-wrap-disabled\">\n\n\t\t\t\t<div class=\"uael-post__thumbnail\">\n\t\t\t\n\t\t\t<a href=\"https:\/\/nordgroup.com.tr\/en\/portfolio\/nycwy\/\" target=\"_self\" title=\"NYCWY &#8211; PVC \u0130zoleli A\u011f\u0131r Ak\u0131m Kablosu (E\u015fmerkezli \u0130letkenli)\"><img loading=\"lazy\" decoding=\"async\" width=\"530\" height=\"456\" src=\"https:\/\/nordgroup.com.tr\/wp-content\/uploads\/2025\/07\/Untitled-1-55.webp\" class=\"attachment-full size-full wp-image-6832\" alt=\"\" \/><\/a>\n\t\t\t\t\t<\/div>\n\t\t\n\t\t\t\n\t\t\t<div class=\"uael-post__content-wrap uael-content-wrap-disabled\">\n\t\t\t\t\t\t\t<div class=\"uael-post__terms-wrap\"><span class=\"uael-post__terms\"><span class=\"uael-listing__terms-link\">Low Voltage Cables<\/span><\/span><\/div>\n\t\t\t\t\t\t<h3 class=\"uael-post__title\">\n\n\t\t\n\t\t\t\t\t\t<a href=\"https:\/\/nordgroup.com.tr\/en\/portfolio\/nycwy\/\" target=\"_self\">\n\t\t\t\tNYCWY - PVC Insulated Heavy Current Cable (Concentric Conductor)\t\t\t<\/a>\n\n\t\t\t\t<\/h3>\n\t\t\t\t\t<\/div>\n\t\t\t\n\t\t<\/div>\n\t\t\n\t<\/div>\n\n<\/div>\n\n<div class=\"uael-post-wrapper\">\n\t<div class=\"uael-post__bg-wrap uael-bg-wrap-disabled\">\n\n\t\t\t\t\t<a href=\"https:\/\/nordgroup.com.tr\/en\/portfolio\/nayy\/\" target=\"_self\" class=\"uael-post__complete-box-overlay\" aria-label=\"Link Complete Box\"><\/a>\n\t\t\t\t\n\t\t<div class=\"uael-post__inner-wrap uael-inner-wrap-disabled\">\n\n\t\t\t\t<div class=\"uael-post__thumbnail\">\n\t\t\t\n\t\t\t<a href=\"https:\/\/nordgroup.com.tr\/en\/portfolio\/nayy\/\" target=\"_self\" title=\"NAYY &#8211; PVC \u0130zoleli Kablosu (Al\u00fcminyum \u0130letkenli)\"><img loading=\"lazy\" decoding=\"async\" width=\"530\" height=\"456\" src=\"https:\/\/nordgroup.com.tr\/wp-content\/uploads\/2025\/07\/Untitled-1-54.webp\" class=\"attachment-full size-full wp-image-6831\" alt=\"\" \/><\/a>\n\t\t\t\t\t<\/div>\n\t\t\n\t\t\t\n\t\t\t<div class=\"uael-post__content-wrap uael-content-wrap-disabled\">\n\t\t\t\t\t\t\t<div class=\"uael-post__terms-wrap\"><span class=\"uael-post__terms\"><span class=\"uael-listing__terms-link\">Low Voltage Cables<\/span><\/span><\/div>\n\t\t\t\t\t\t<h3 class=\"uael-post__title\">\n\n\t\t\n\t\t\t\t\t\t<a href=\"https:\/\/nordgroup.com.tr\/en\/portfolio\/nayy\/\" target=\"_self\">\n\t\t\t\tNAYY - PVC Insulated Cable (Aluminum Conductor)\t\t\t<\/a>\n\n\t\t\t\t<\/h3>\n\t\t\t\t\t<\/div>\n\t\t\t\n\t\t<\/div>\n\t\t\n\t<\/div>\n\n<\/div>\n\n<div class=\"uael-post-wrapper\">\n\t<div class=\"uael-post__bg-wrap uael-bg-wrap-disabled\">\n\n\t\t\t\t\t<a href=\"https:\/\/nordgroup.com.tr\/en\/portfolio\/naycwy\/\" target=\"_self\" class=\"uael-post__complete-box-overlay\" aria-label=\"Link Complete Box\"><\/a>\n\t\t\t\t\n\t\t<div class=\"uael-post__inner-wrap uael-inner-wrap-disabled\">\n\n\t\t\t\t<div class=\"uael-post__thumbnail\">\n\t\t\t\n\t\t\t<a href=\"https:\/\/nordgroup.com.tr\/en\/portfolio\/naycwy\/\" target=\"_self\" title=\"NAYCWY &#8211; PVC \u0130zoleli A\u011f\u0131r Ak\u0131m Kablosu (E\u015fmerkezli \u0130letkenli)\"><img loading=\"lazy\" decoding=\"async\" width=\"530\" height=\"456\" src=\"https:\/\/nordgroup.com.tr\/wp-content\/uploads\/2025\/07\/Untitled-1-53.webp\" class=\"attachment-full size-full wp-image-6829\" alt=\"\" \/><\/a>\n\t\t\t\t\t<\/div>\n\t\t\n\t\t\t\n\t\t\t<div class=\"uael-post__content-wrap uael-content-wrap-disabled\">\n\t\t\t\t\t\t\t<div class=\"uael-post__terms-wrap\"><span class=\"uael-post__terms\"><span class=\"uael-listing__terms-link\">Low Voltage Cables<\/span><\/span><\/div>\n\t\t\t\t\t\t<h3 class=\"uael-post__title\">\n\n\t\t\n\t\t\t\t\t\t<a href=\"https:\/\/nordgroup.com.tr\/en\/portfolio\/naycwy\/\" target=\"_self\">\n\t\t\t\tNAYCWY - PVC Insulated Heavy Current Cable (Concentric Conductor)\t\t\t<\/a>\n\n\t\t\t\t<\/h3>\n\t\t\t\t\t<\/div>\n\t\t\t\n\t\t<\/div>\n\t\t\n\t<\/div>\n\n<\/div>\n\n<div class=\"uael-post-wrapper\">\n\t<div class=\"uael-post__bg-wrap uael-bg-wrap-disabled\">\n\n\t\t\t\t\t<a href=\"https:\/\/nordgroup.com.tr\/en\/portfolio\/fg16or16\/\" target=\"_self\" class=\"uael-post__complete-box-overlay\" aria-label=\"Link Complete Box\"><\/a>\n\t\t\t\t\n\t\t<div class=\"uael-post__inner-wrap uael-inner-wrap-disabled\">\n\n\t\t\t\t<div class=\"uael-post__thumbnail\">\n\t\t\t\n\t\t\t<a href=\"https:\/\/nordgroup.com.tr\/en\/portfolio\/fg16or16\/\" target=\"_self\" title=\"FG16OR16 &#8211; Y\u00fcksek Kaliteli EPM Kau\u00e7uk \u0130zoleli, PVC K\u0131l\u0131fl\u0131 Kablo\"><img loading=\"lazy\" decoding=\"async\" width=\"800\" height=\"471\" src=\"https:\/\/nordgroup.com.tr\/wp-content\/uploads\/2025\/07\/Untitled-1-16.webp\" class=\"attachment-full size-full wp-image-6005\" alt=\"\" srcset=\"https:\/\/nordgroup.com.tr\/wp-content\/uploads\/2025\/07\/Untitled-1-16.webp 800w, https:\/\/nordgroup.com.tr\/wp-content\/uploads\/2025\/07\/Untitled-1-16-768x452.webp 768w\" sizes=\"auto, (max-width: 800px) 100vw, 800px\" \/><\/a>\n\t\t\t\t\t<\/div>\n\t\t\n\t\t\t\n\t\t\t<div class=\"uael-post__content-wrap uael-content-wrap-disabled\">\n\t\t\t\t\t\t\t<div class=\"uael-post__terms-wrap\"><span class=\"uael-post__terms\"><span class=\"uael-listing__terms-link\">Low Voltage Cables<\/span><\/span><\/div>\n\t\t\t\t\t\t<h3 class=\"uael-post__title\">\n\n\t\t\n\t\t\t\t\t\t<a href=\"https:\/\/nordgroup.com.tr\/en\/portfolio\/fg16or16\/\" target=\"_self\">\n\t\t\t\tFG16OR16 - High Quality EPM Rubber Insulated, PVC Sheathed Cable\t\t\t<\/a>\n\n\t\t\t\t<\/h3>\n\t\t\t\t\t<\/div>\n\t\t\t\n\t\t<\/div>\n\t\t\n\t<\/div>\n\n<\/div>\n\t\t\t\t<\/div>\n\t\t\t\t\t\t<div class=\"uael-post-inf-loader\">\n\t\t\t\t<div class=\"uael-post-loader-1\"><\/div>\n\t\t\t\t<div class=\"uael-post-loader-2\"><\/div>\n\t\t\t\t<div class=\"uael-post-loader-3\"><\/div>\n\t\t\t<\/div>\n\t\t\t\t\t\t\n\t\t<\/div>\n\n\t\t\t\t\t\t<\/div>\n\t\t<div class=\"uael-post__footer\">\n\t\t\t\t\t\t<nav class=\"uael-grid-pagination\" style=\"display:none;\" role=\"navigation\" aria-label=\"Pagination\" data-total=\"3\" data-next-page=\"2\">\n\t\t\t\t\t\t\t<\/nav>\n\t\t\t\t\t<\/div>\n\t\t\t\t\t\t<\/div>\n\t\t\t\t<\/div>\n\t\t\t\t\t<\/div>\n\t\t<\/div>\n\t\t\t\t\t<\/div>\n\t\t<\/section>\n\t\t\t\t<\/div>","protected":false},"excerpt":{"rendered":"<p>Al\u00e7ak Gerilim Kablolar\u0131 NYY Al\u00e7ak Gerilim Kablolar\u0131 NYCY Al\u00e7ak Gerilim Kablolar\u0131 NYCWY Al\u00e7ak Gerilim Kablolar\u0131 NAYY Al\u00e7ak Gerilim Kablolar\u0131 NAYCWY Al\u00e7ak Gerilim Kablolar\u0131 FG16OR16<\/p>","protected":false},"author":1,"featured_media":0,"parent":5690,"menu_order":101,"comment_status":"closed","ping_status":"closed","template":"","meta":{"footnotes":""},"class_list":["post-6501","page","type-page","status-publish","hentry"],"_links":{"self":[{"href":"https:\/\/nordgroup.com.tr\/en\/wp-json\/wp\/v2\/pages\/6501","targetHints":{"allow":["GET"]}}],"collection":[{"href":"https:\/\/nordgroup.com.tr\/en\/wp-json\/wp\/v2\/pages"}],"about":[{"href":"https:\/\/nordgroup.com.tr\/en\/wp-json\/wp\/v2\/types\/page"}],"author":[{"embeddable":true,"href":"https:\/\/nordgroup.com.tr\/en\/wp-json\/wp\/v2\/users\/1"}],"replies":[{"embeddable":true,"href":"https:\/\/nordgroup.com.tr\/en\/wp-json\/wp\/v2\/comments?post=6501"}],"version-history":[{"count":1,"href":"https:\/\/nordgroup.com.tr\/en\/wp-json\/wp\/v2\/pages\/6501\/revisions"}],"predecessor-version":[{"id":7174,"href":"https:\/\/nordgroup.com.tr\/en\/wp-json\/wp\/v2\/pages\/6501\/revisions\/7174"}],"up":[{"embeddable":true,"href":"https:\/\/nordgroup.com.tr\/en\/wp-json\/wp\/v2\/pages\/5690"}],"wp:attachment":[{"href":"https:\/\/nordgroup.com.tr\/en\/wp-json\/wp\/v2\/media?parent=6501"}],"curies":[{"name":"wp","href":"https:\/\/api.w.org\/{rel}","templated":true}]}}