{"id":6503,"date":"2025-07-26T03:06:59","date_gmt":"2025-07-26T00:06:59","guid":{"rendered":"https:\/\/nordgroup.com.tr\/?page_id=6503"},"modified":"2025-07-30T14:56:39","modified_gmt":"2025-07-30T11:56:39","slug":"rubber-cables","status":"publish","type":"page","link":"https:\/\/nordgroup.com.tr\/en\/our-products\/cables\/rubber-cables\/","title":{"rendered":"Rubber Cables"},"content":{"rendered":"<div data-elementor-type=\"wp-page\" data-elementor-id=\"6503\" class=\"elementor elementor-6503\">\n\t\t\t\t\t\t<section class=\"elementor-section elementor-top-section elementor-element elementor-element-adf5f64 elementor-section-boxed elementor-section-height-default elementor-section-height-default\" data-id=\"adf5f64\" data-element_type=\"section\" data-e-type=\"section\">\n\t\t\t\t\t\t<div class=\"elementor-container elementor-column-gap-default\">\n\t\t\t\t\t<div class=\"elementor-column elementor-col-100 elementor-top-column elementor-element elementor-element-c36a390\" data-id=\"c36a390\" data-element_type=\"column\" data-e-type=\"column\">\n\t\t\t<div class=\"elementor-widget-wrap elementor-element-populated\">\n\t\t\t\t\t\t<div class=\"elementor-element elementor-element-ff25873 uael-post__link-complete-yes uael-equal__height-yes uael-posts-thumbnail-ratio elementor-widget elementor-widget-uael-posts\" data-id=\"ff25873\" data-element_type=\"widget\" data-e-type=\"widget\" data-settings=\"{&quot;classic_slides_to_show_mobile&quot;:2,&quot;classic_slides_to_show&quot;:3,&quot;classic_slides_to_show_tablet&quot;:2,&quot;classic_show_filters&quot;:&quot;no&quot;}\" data-widget_type=\"uael-posts.classic\">\n\t\t\t\t<div class=\"elementor-widget-container\">\n\t\t\t\t\t\t\t<div class=\"uael-post__header\">\n\t\t\t\t\t<\/div>\n\t\t<div class=\"uael-post__body\">\n\t\t\t\n\t\t\n\t\t<div class=\"uael-blog-terms-position-above_content uael-post-image-top uael-post-grid uael-posts\" data-query-type=\"custom\" data-structure=\"normal\" data-layout=\"\" data-page=\"6503\" data-skin=\"classic\" data-filter-default=\"\" data-offset-top=\"30\" >\n\n\t\t\t\t\t\t\t<div class=\"uael-post-grid__inner uael-post__columns-3 uael-post__columns-tablet-2 uael-post__columns-mobile-2 uael-post-infinite-scroll uael-post-infinite__event-scroll\">\n\t\t\t\n<div class=\"uael-post-wrapper\">\n\t<div class=\"uael-post__bg-wrap uael-bg-wrap-disabled\">\n\n\t\t\t\t\t<a href=\"https:\/\/nordgroup.com.tr\/en\/portfolio\/solar-cable\/\" target=\"_self\" class=\"uael-post__complete-box-overlay\" aria-label=\"Link Complete Box\"><\/a>\n\t\t\t\t\n\t\t<div class=\"uael-post__inner-wrap uael-inner-wrap-disabled\">\n\n\t\t\t\t<div class=\"uael-post__thumbnail\">\n\t\t\t\n\t\t\t<a href=\"https:\/\/nordgroup.com.tr\/en\/portfolio\/solar-cable\/\" target=\"_self\" title=\"Solar-Cable &#8211; Foto-Voltaik Sistemler i\u00e7in K\u0131l\u0131fl\u0131 Kablo\"><img loading=\"lazy\" decoding=\"async\" width=\"800\" height=\"471\" src=\"https:\/\/nordgroup.com.tr\/wp-content\/uploads\/2025\/07\/Untitled-1-copy-83.webp\" class=\"attachment-full size-full wp-image-6268\" alt=\"\" srcset=\"https:\/\/nordgroup.com.tr\/wp-content\/uploads\/2025\/07\/Untitled-1-copy-83.webp 800w, https:\/\/nordgroup.com.tr\/wp-content\/uploads\/2025\/07\/Untitled-1-copy-83-768x452.webp 768w\" sizes=\"auto, (max-width: 800px) 100vw, 800px\" \/><\/a>\n\t\t\t\t\t<\/div>\n\t\t\n\t\t\t\n\t\t\t<div class=\"uael-post__content-wrap uael-content-wrap-disabled\">\n\t\t\t\t\t\t\t<div class=\"uael-post__terms-wrap\"><span class=\"uael-post__terms\"><span class=\"uael-listing__terms-link\">Cables<\/span><\/span><\/div>\n\t\t\t\t\t\t<h3 class=\"uael-post__title\">\n\n\t\t\n\t\t\t\t\t\t<a href=\"https:\/\/nordgroup.com.tr\/en\/portfolio\/solar-cable\/\" target=\"_self\">\n\t\t\t\tSolar-Cable - Sheathed Cable for Photo-Voltaic Systems\t\t\t<\/a>\n\n\t\t\t\t<\/h3>\n\t\t\t\t\t<\/div>\n\t\t\t\n\t\t<\/div>\n\t\t\n\t<\/div>\n\n<\/div>\n\n<div class=\"uael-post-wrapper\">\n\t<div class=\"uael-post__bg-wrap uael-bg-wrap-disabled\">\n\n\t\t\t\t\t<a href=\"https:\/\/nordgroup.com.tr\/en\/portfolio\/nsshou-rubber\/\" target=\"_self\" class=\"uael-post__complete-box-overlay\" aria-label=\"Link Complete Box\"><\/a>\n\t\t\t\t\n\t\t<div class=\"uael-post__inner-wrap uael-inner-wrap-disabled\">\n\n\t\t\t\t<div class=\"uael-post__thumbnail\">\n\t\t\t\n\t\t\t<a href=\"https:\/\/nordgroup.com.tr\/en\/portfolio\/nsshou-rubber\/\" target=\"_self\" title=\"NSSH\u00f6u Rubber &#8211; Y\u00fcksek Mekanik Zorlama \u0130\u00e7in Kau\u00e7uk K\u0131l\u0131fl\u0131 Kablo\"><img loading=\"lazy\" decoding=\"async\" width=\"800\" height=\"471\" src=\"https:\/\/nordgroup.com.tr\/wp-content\/uploads\/2025\/07\/Untitled-1-copy-82.webp\" class=\"attachment-full size-full wp-image-6265\" alt=\"\" srcset=\"https:\/\/nordgroup.com.tr\/wp-content\/uploads\/2025\/07\/Untitled-1-copy-82.webp 800w, https:\/\/nordgroup.com.tr\/wp-content\/uploads\/2025\/07\/Untitled-1-copy-82-768x452.webp 768w\" sizes=\"auto, (max-width: 800px) 100vw, 800px\" \/><\/a>\n\t\t\t\t\t<\/div>\n\t\t\n\t\t\t\n\t\t\t<div class=\"uael-post__content-wrap uael-content-wrap-disabled\">\n\t\t\t\t\t\t\t<div class=\"uael-post__terms-wrap\"><span class=\"uael-post__terms\"><span class=\"uael-listing__terms-link\">Cables<\/span><\/span><\/div>\n\t\t\t\t\t\t<h3 class=\"uael-post__title\">\n\n\t\t\n\t\t\t\t\t\t<a href=\"https:\/\/nordgroup.com.tr\/en\/portfolio\/nsshou-rubber\/\" target=\"_self\">\n\t\t\t\tNSSH\u00f6u Rubber - Rubber Sheathed Cable for High Mechanical Stress\t\t\t<\/a>\n\n\t\t\t\t<\/h3>\n\t\t\t\t\t<\/div>\n\t\t\t\n\t\t<\/div>\n\t\t\n\t<\/div>\n\n<\/div>\n\n<div class=\"uael-post-wrapper\">\n\t<div class=\"uael-post__bg-wrap uael-bg-wrap-disabled\">\n\n\t\t\t\t\t<a href=\"https:\/\/nordgroup.com.tr\/en\/portfolio\/nsgafou-ghouf\/\" target=\"_self\" class=\"uael-post__complete-box-overlay\" aria-label=\"Link Complete Box\"><\/a>\n\t\t\t\t\n\t\t<div class=\"uael-post__inner-wrap uael-inner-wrap-disabled\">\n\n\t\t\t\t<div class=\"uael-post__thumbnail\">\n\t\t\t\n\t\t\t<a href=\"https:\/\/nordgroup.com.tr\/en\/portfolio\/nsgafou-ghouf\/\" target=\"_self\" title=\"NSGAF\u00f6u (GH\u00f6uf) &#8211; \u00d6zel Kau\u00e7uk Tek Damarl\u0131 Kablo 1,8\u202f\/\u202f3\u202fkV\"><img loading=\"lazy\" decoding=\"async\" width=\"800\" height=\"471\" src=\"https:\/\/nordgroup.com.tr\/wp-content\/uploads\/2025\/07\/Untitled-1-copy-81.webp\" class=\"attachment-full size-full wp-image-6262\" alt=\"\" srcset=\"https:\/\/nordgroup.com.tr\/wp-content\/uploads\/2025\/07\/Untitled-1-copy-81.webp 800w, https:\/\/nordgroup.com.tr\/wp-content\/uploads\/2025\/07\/Untitled-1-copy-81-768x452.webp 768w\" sizes=\"auto, (max-width: 800px) 100vw, 800px\" \/><\/a>\n\t\t\t\t\t<\/div>\n\t\t\n\t\t\t\n\t\t\t<div class=\"uael-post__content-wrap uael-content-wrap-disabled\">\n\t\t\t\t\t\t\t<div class=\"uael-post__terms-wrap\"><span class=\"uael-post__terms\"><span class=\"uael-listing__terms-link\">Cables<\/span><\/span><\/div>\n\t\t\t\t\t\t<h3 class=\"uael-post__title\">\n\n\t\t\n\t\t\t\t\t\t<a href=\"https:\/\/nordgroup.com.tr\/en\/portfolio\/nsgafou-ghouf\/\" target=\"_self\">\n\t\t\t\tNSGAF\u00f6u (GH\u00f6uf) - Special Rubber Single Core Cable 1.8 \/ 3 kV\t\t\t<\/a>\n\n\t\t\t\t<\/h3>\n\t\t\t\t\t<\/div>\n\t\t\t\n\t\t<\/div>\n\t\t\n\t<\/div>\n\n<\/div>\n\n<div class=\"uael-post-wrapper\">\n\t<div class=\"uael-post__bg-wrap uael-bg-wrap-disabled\">\n\n\t\t\t\t\t<a href=\"https:\/\/nordgroup.com.tr\/en\/portfolio\/h07rn-f-gms\/\" target=\"_self\" class=\"uael-post__complete-box-overlay\" aria-label=\"Link Complete Box\"><\/a>\n\t\t\t\t\n\t\t<div class=\"uael-post__inner-wrap uael-inner-wrap-disabled\">\n\n\t\t\t\t<div class=\"uael-post__thumbnail\">\n\t\t\t\n\t\t\t<a href=\"https:\/\/nordgroup.com.tr\/en\/portfolio\/h07rn-f-gms\/\" target=\"_self\" title=\"H07RN-F (GMS) &#8211; Orta Mekanik Zorlama \u0130\u00e7in Kau\u00e7uk K\u0131l\u0131fl\u0131 Kablo\"><img loading=\"lazy\" decoding=\"async\" width=\"800\" height=\"471\" src=\"https:\/\/nordgroup.com.tr\/wp-content\/uploads\/2025\/07\/Untitled-1-copy-80.webp\" class=\"attachment-full size-full wp-image-6259\" alt=\"\" srcset=\"https:\/\/nordgroup.com.tr\/wp-content\/uploads\/2025\/07\/Untitled-1-copy-80.webp 800w, https:\/\/nordgroup.com.tr\/wp-content\/uploads\/2025\/07\/Untitled-1-copy-80-768x452.webp 768w\" sizes=\"auto, (max-width: 800px) 100vw, 800px\" \/><\/a>\n\t\t\t\t\t<\/div>\n\t\t\n\t\t\t\n\t\t\t<div class=\"uael-post__content-wrap uael-content-wrap-disabled\">\n\t\t\t\t\t\t\t<div class=\"uael-post__terms-wrap\"><span class=\"uael-post__terms\"><span class=\"uael-listing__terms-link\">Cables<\/span><\/span><\/div>\n\t\t\t\t\t\t<h3 class=\"uael-post__title\">\n\n\t\t\n\t\t\t\t\t\t<a href=\"https:\/\/nordgroup.com.tr\/en\/portfolio\/h07rn-f-gms\/\" target=\"_self\">\n\t\t\t\tH07RN-F (GMS) - Rubber Sheathed Cable for Medium Mechanical Strain\t\t\t<\/a>\n\n\t\t\t\t<\/h3>\n\t\t\t\t\t<\/div>\n\t\t\t\n\t\t<\/div>\n\t\t\n\t<\/div>\n\n<\/div>\n\n<div class=\"uael-post-wrapper\">\n\t<div class=\"uael-post__bg-wrap uael-bg-wrap-disabled\">\n\n\t\t\t\t\t<a href=\"https:\/\/nordgroup.com.tr\/en\/portfolio\/h05rr-f-gml\/\" target=\"_self\" class=\"uael-post__complete-box-overlay\" aria-label=\"Link Complete Box\"><\/a>\n\t\t\t\t\n\t\t<div class=\"uael-post__inner-wrap uael-inner-wrap-disabled\">\n\n\t\t\t\t<div class=\"uael-post__thumbnail\">\n\t\t\t\n\t\t\t<a href=\"https:\/\/nordgroup.com.tr\/en\/portfolio\/h05rr-f-gml\/\" target=\"_self\" title=\"H05RR-F (GML) &#8211; Zay\u0131f Mekanik Zorlama \u0130\u00e7in Kau\u00e7uk K\u0131l\u0131fl\u0131 Kablo\"><img loading=\"lazy\" decoding=\"async\" width=\"800\" height=\"471\" src=\"https:\/\/nordgroup.com.tr\/wp-content\/uploads\/2025\/07\/Untitled-1-copy-79.webp\" class=\"attachment-full size-full wp-image-6256\" alt=\"\" srcset=\"https:\/\/nordgroup.com.tr\/wp-content\/uploads\/2025\/07\/Untitled-1-copy-79.webp 800w, https:\/\/nordgroup.com.tr\/wp-content\/uploads\/2025\/07\/Untitled-1-copy-79-768x452.webp 768w\" sizes=\"auto, (max-width: 800px) 100vw, 800px\" \/><\/a>\n\t\t\t\t\t<\/div>\n\t\t\n\t\t\t\n\t\t\t<div class=\"uael-post__content-wrap uael-content-wrap-disabled\">\n\t\t\t\t\t\t\t<div class=\"uael-post__terms-wrap\"><span class=\"uael-post__terms\"><span class=\"uael-listing__terms-link\">Cables<\/span><\/span><\/div>\n\t\t\t\t\t\t<h3 class=\"uael-post__title\">\n\n\t\t\n\t\t\t\t\t\t<a href=\"https:\/\/nordgroup.com.tr\/en\/portfolio\/h05rr-f-gml\/\" target=\"_self\">\n\t\t\t\tH05RR-F (GML) - Rubber Sheathed Cable for Weak Mechanical Strain\t\t\t<\/a>\n\n\t\t\t\t<\/h3>\n\t\t\t\t\t<\/div>\n\t\t\t\n\t\t<\/div>\n\t\t\n\t<\/div>\n\n<\/div>\n\n<div class=\"uael-post-wrapper\">\n\t<div class=\"uael-post__bg-wrap uael-bg-wrap-disabled\">\n\n\t\t\t\t\t<a href=\"https:\/\/nordgroup.com.tr\/en\/portfolio\/h05rnh2-f\/\" target=\"_self\" class=\"uael-post__complete-box-overlay\" aria-label=\"Link Complete Box\"><\/a>\n\t\t\t\t\n\t\t<div class=\"uael-post__inner-wrap uael-inner-wrap-disabled\">\n\n\t\t\t\t<div class=\"uael-post__thumbnail\">\n\t\t\t\n\t\t\t<a href=\"https:\/\/nordgroup.com.tr\/en\/portfolio\/h05rnh2-f\/\" target=\"_self\" title=\"H05RNH2-F &#8211; Ayd\u0131nlatma D\u00fcz Kablosu\"><img loading=\"lazy\" decoding=\"async\" width=\"800\" height=\"471\" src=\"https:\/\/nordgroup.com.tr\/wp-content\/uploads\/2025\/07\/Untitled-1-copy-78.webp\" class=\"attachment-full size-full wp-image-6253\" alt=\"\" srcset=\"https:\/\/nordgroup.com.tr\/wp-content\/uploads\/2025\/07\/Untitled-1-copy-78.webp 800w, https:\/\/nordgroup.com.tr\/wp-content\/uploads\/2025\/07\/Untitled-1-copy-78-768x452.webp 768w\" sizes=\"auto, (max-width: 800px) 100vw, 800px\" \/><\/a>\n\t\t\t\t\t<\/div>\n\t\t\n\t\t\t\n\t\t\t<div class=\"uael-post__content-wrap uael-content-wrap-disabled\">\n\t\t\t\t\t\t\t<div class=\"uael-post__terms-wrap\"><span class=\"uael-post__terms\"><span class=\"uael-listing__terms-link\">Cables<\/span><\/span><\/div>\n\t\t\t\t\t\t<h3 class=\"uael-post__title\">\n\n\t\t\n\t\t\t\t\t\t<a href=\"https:\/\/nordgroup.com.tr\/en\/portfolio\/h05rnh2-f\/\" target=\"_self\">\n\t\t\t\tH05RNH2-F - Lighting Flat Cable\t\t\t<\/a>\n\n\t\t\t\t<\/h3>\n\t\t\t\t\t<\/div>\n\t\t\t\n\t\t<\/div>\n\t\t\n\t<\/div>\n\n<\/div>\n\t\t\t\t<\/div>\n\t\t\t\t\t\t<div class=\"uael-post-inf-loader\">\n\t\t\t\t<div class=\"uael-post-loader-1\"><\/div>\n\t\t\t\t<div class=\"uael-post-loader-2\"><\/div>\n\t\t\t\t<div class=\"uael-post-loader-3\"><\/div>\n\t\t\t<\/div>\n\t\t\t\t\t\t\n\t\t<\/div>\n\n\t\t\t\t\t\t<\/div>\n\t\t<div class=\"uael-post__footer\">\n\t\t\t\t\t\t<nav class=\"uael-grid-pagination\" style=\"display:none;\" role=\"navigation\" aria-label=\"Pagination\" data-total=\"2\" data-next-page=\"2\">\n\t\t\t\t\t\t\t<\/nav>\n\t\t\t\t\t<\/div>\n\t\t\t\t\t\t<\/div>\n\t\t\t\t<\/div>\n\t\t\t\t\t<\/div>\n\t\t<\/div>\n\t\t\t\t\t<\/div>\n\t\t<\/section>\n\t\t\t\t<\/div>","protected":false},"excerpt":{"rendered":"<p>Kablolar Solar-Cable Kablolar NSSH\u00f6u Rubber Kablolar NSGAF\u00f6u (GH\u00f6uf) Kablolar H07RN-F (GMS) Kablolar H05RR-F (GML) Kablolar H05RNH2-F<\/p>","protected":false},"author":1,"featured_media":0,"parent":5690,"menu_order":106,"comment_status":"closed","ping_status":"closed","template":"","meta":{"footnotes":""},"class_list":["post-6503","page","type-page","status-publish","hentry"],"_links":{"self":[{"href":"https:\/\/nordgroup.com.tr\/en\/wp-json\/wp\/v2\/pages\/6503","targetHints":{"allow":["GET"]}}],"collection":[{"href":"https:\/\/nordgroup.com.tr\/en\/wp-json\/wp\/v2\/pages"}],"about":[{"href":"https:\/\/nordgroup.com.tr\/en\/wp-json\/wp\/v2\/types\/page"}],"author":[{"embeddable":true,"href":"https:\/\/nordgroup.com.tr\/en\/wp-json\/wp\/v2\/users\/1"}],"replies":[{"embeddable":true,"href":"https:\/\/nordgroup.com.tr\/en\/wp-json\/wp\/v2\/comments?post=6503"}],"version-history":[{"count":1,"href":"https:\/\/nordgroup.com.tr\/en\/wp-json\/wp\/v2\/pages\/6503\/revisions"}],"predecessor-version":[{"id":6547,"href":"https:\/\/nordgroup.com.tr\/en\/wp-json\/wp\/v2\/pages\/6503\/revisions\/6547"}],"up":[{"embeddable":true,"href":"https:\/\/nordgroup.com.tr\/en\/wp-json\/wp\/v2\/pages\/5690"}],"wp:attachment":[{"href":"https:\/\/nordgroup.com.tr\/en\/wp-json\/wp\/v2\/media?parent=6503"}],"curies":[{"name":"wp","href":"https:\/\/api.w.org\/{rel}","templated":true}]}}