{"id":6509,"date":"2025-07-26T03:06:45","date_gmt":"2025-07-26T00:06:45","guid":{"rendered":"https:\/\/nordgroup.com.tr\/?page_id=6509"},"modified":"2025-07-30T15:06:10","modified_gmt":"2025-07-30T12:06:10","slug":"industry-4-0-cables","status":"publish","type":"page","link":"https:\/\/nordgroup.com.tr\/en\/our-products\/cables\/industry-4-0-cables\/","title":{"rendered":"Industrial Cables"},"content":{"rendered":"<div data-elementor-type=\"wp-page\" data-elementor-id=\"6509\" class=\"elementor elementor-6509\">\n\t\t\t\t\t\t<section class=\"elementor-section elementor-top-section elementor-element elementor-element-adf5f64 elementor-section-boxed elementor-section-height-default elementor-section-height-default\" data-id=\"adf5f64\" data-element_type=\"section\" data-e-type=\"section\">\n\t\t\t\t\t\t<div class=\"elementor-container elementor-column-gap-default\">\n\t\t\t\t\t<div class=\"elementor-column elementor-col-100 elementor-top-column elementor-element elementor-element-c36a390\" data-id=\"c36a390\" data-element_type=\"column\" data-e-type=\"column\">\n\t\t\t<div class=\"elementor-widget-wrap elementor-element-populated\">\n\t\t\t\t\t\t<div class=\"elementor-element elementor-element-ff25873 uael-post__link-complete-yes uael-equal__height-yes uael-posts-thumbnail-ratio elementor-widget elementor-widget-uael-posts\" data-id=\"ff25873\" data-element_type=\"widget\" data-e-type=\"widget\" data-settings=\"{&quot;classic_slides_to_show_mobile&quot;:2,&quot;classic_slides_to_show&quot;:3,&quot;classic_slides_to_show_tablet&quot;:2,&quot;classic_show_filters&quot;:&quot;no&quot;}\" data-widget_type=\"uael-posts.classic\">\n\t\t\t\t<div class=\"elementor-widget-container\">\n\t\t\t\t\t\t\t<div class=\"uael-post__header\">\n\t\t\t\t\t<\/div>\n\t\t<div class=\"uael-post__body\">\n\t\t\t\n\t\t\n\t\t<div class=\"uael-blog-terms-position-above_content uael-post-image-top uael-post-grid uael-posts\" data-query-type=\"custom\" data-structure=\"normal\" data-layout=\"\" data-page=\"6509\" data-skin=\"classic\" data-filter-default=\"\" data-offset-top=\"30\" >\n\n\t\t\t\t\t\t\t<div class=\"uael-post-grid__inner uael-post__columns-3 uael-post__columns-tablet-2 uael-post__columns-mobile-2 uael-post-infinite-scroll uael-post-infinite__event-scroll\">\n\t\t\t\n<div class=\"uael-post-wrapper\">\n\t<div class=\"uael-post__bg-wrap uael-bg-wrap-disabled\">\n\n\t\t\t\t\t<a href=\"https:\/\/nordgroup.com.tr\/en\/portfolio\/rs-485-li2ystcy-tp\/\" target=\"_self\" class=\"uael-post__complete-box-overlay\" aria-label=\"Link Complete Box\"><\/a>\n\t\t\t\t\n\t\t<div class=\"uael-post__inner-wrap uael-inner-wrap-disabled\">\n\n\t\t\t\t<div class=\"uael-post__thumbnail\">\n\t\t\t\n\t\t\t<a href=\"https:\/\/nordgroup.com.tr\/en\/portfolio\/rs-485-li2ystcy-tp\/\" target=\"_self\" title=\"RS-485 (LI2Y(St)CY-TP)\"><img loading=\"lazy\" decoding=\"async\" width=\"530\" height=\"456\" src=\"https:\/\/nordgroup.com.tr\/wp-content\/uploads\/2025\/07\/Untitled-1-copy-227.webp\" class=\"attachment-full size-full wp-image-7036\" alt=\"\" \/><\/a>\n\t\t\t\t\t<\/div>\n\t\t\n\t\t\t\n\t\t\t<div class=\"uael-post__content-wrap uael-content-wrap-disabled\">\n\t\t\t\t\t\t\t<div class=\"uael-post__terms-wrap\"><span class=\"uael-post__terms\"><span class=\"uael-listing__terms-link\">Industrial Cables<\/span><\/span><\/div>\n\t\t\t\t\t\t<h3 class=\"uael-post__title\">\n\n\t\t\n\t\t\t\t\t\t<a href=\"https:\/\/nordgroup.com.tr\/en\/portfolio\/rs-485-li2ystcy-tp\/\" target=\"_self\">\n\t\t\t\tRS-485 (LI2Y(St)CY-TP)\t\t\t<\/a>\n\n\t\t\t\t<\/h3>\n\t\t\t\t\t<\/div>\n\t\t\t\n\t\t<\/div>\n\t\t\n\t<\/div>\n\n<\/div>\n\n<div class=\"uael-post-wrapper\">\n\t<div class=\"uael-post__bg-wrap uael-bg-wrap-disabled\">\n\n\t\t\t\t\t<a href=\"https:\/\/nordgroup.com.tr\/en\/portfolio\/armored-profinet-flex-type-b-yinele\/\" target=\"_self\" class=\"uael-post__complete-box-overlay\" aria-label=\"Link Complete Box\"><\/a>\n\t\t\t\t\n\t\t<div class=\"uael-post__inner-wrap uael-inner-wrap-disabled\">\n\n\t\t\t\t<div class=\"uael-post__thumbnail\">\n\t\t\t\n\t\t\t<a href=\"https:\/\/nordgroup.com.tr\/en\/portfolio\/armored-profinet-flex-type-b-yinele\/\" target=\"_self\" title=\"Profinet TYPE A\"><img loading=\"lazy\" decoding=\"async\" width=\"530\" height=\"456\" src=\"https:\/\/nordgroup.com.tr\/wp-content\/uploads\/2025\/07\/Untitled-1-copy-223.webp\" class=\"attachment-full size-full wp-image-7032\" alt=\"\" \/><\/a>\n\t\t\t\t\t<\/div>\n\t\t\n\t\t\t\n\t\t\t<div class=\"uael-post__content-wrap uael-content-wrap-disabled\">\n\t\t\t\t\t\t\t<div class=\"uael-post__terms-wrap\"><span class=\"uael-post__terms\"><span class=\"uael-listing__terms-link\">Industrial Cables<\/span><\/span><\/div>\n\t\t\t\t\t\t<h3 class=\"uael-post__title\">\n\n\t\t\n\t\t\t\t\t\t<a href=\"https:\/\/nordgroup.com.tr\/en\/portfolio\/armored-profinet-flex-type-b-yinele\/\" target=\"_self\">\n\t\t\t\tProfinet TYPE A\t\t\t<\/a>\n\n\t\t\t\t<\/h3>\n\t\t\t\t\t<\/div>\n\t\t\t\n\t\t<\/div>\n\t\t\n\t<\/div>\n\n<\/div>\n\n<div class=\"uael-post-wrapper\">\n\t<div class=\"uael-post__bg-wrap uael-bg-wrap-disabled\">\n\n\t\t\t\t\t<a href=\"https:\/\/nordgroup.com.tr\/en\/portfolio\/armored-profinet-flex-type-b\/\" target=\"_self\" class=\"uael-post__complete-box-overlay\" aria-label=\"Link Complete Box\"><\/a>\n\t\t\t\t\n\t\t<div class=\"uael-post__inner-wrap uael-inner-wrap-disabled\">\n\n\t\t\t\t<div class=\"uael-post__thumbnail\">\n\t\t\t\n\t\t\t<a href=\"https:\/\/nordgroup.com.tr\/en\/portfolio\/armored-profinet-flex-type-b\/\" target=\"_self\" title=\"Armored Profinet FLEX TYPE B\"><img loading=\"lazy\" decoding=\"async\" width=\"530\" height=\"456\" src=\"https:\/\/nordgroup.com.tr\/wp-content\/uploads\/2025\/07\/Untitled-1-copy-214.webp\" class=\"attachment-full size-full wp-image-7019\" alt=\"\" \/><\/a>\n\t\t\t\t\t<\/div>\n\t\t\n\t\t\t\n\t\t\t<div class=\"uael-post__content-wrap uael-content-wrap-disabled\">\n\t\t\t\t\t\t\t<div class=\"uael-post__terms-wrap\"><span class=\"uael-post__terms\"><span class=\"uael-listing__terms-link\">Industrial Cables<\/span><\/span><\/div>\n\t\t\t\t\t\t<h3 class=\"uael-post__title\">\n\n\t\t\n\t\t\t\t\t\t<a href=\"https:\/\/nordgroup.com.tr\/en\/portfolio\/armored-profinet-flex-type-b\/\" target=\"_self\">\n\t\t\t\tArmored Profinet FLEX TYPE B\t\t\t<\/a>\n\n\t\t\t\t<\/h3>\n\t\t\t\t\t<\/div>\n\t\t\t\n\t\t<\/div>\n\t\t\n\t<\/div>\n\n<\/div>\n\n<div class=\"uael-post-wrapper\">\n\t<div class=\"uael-post__bg-wrap uael-bg-wrap-disabled\">\n\n\t\t\t\t\t<a href=\"https:\/\/nordgroup.com.tr\/en\/portfolio\/armored-profinet-type-a-swby\/\" target=\"_self\" class=\"uael-post__complete-box-overlay\" aria-label=\"Link Complete Box\"><\/a>\n\t\t\t\t\n\t\t<div class=\"uael-post__inner-wrap uael-inner-wrap-disabled\">\n\n\t\t\t\t<div class=\"uael-post__thumbnail\">\n\t\t\t\n\t\t\t<a href=\"https:\/\/nordgroup.com.tr\/en\/portfolio\/armored-profinet-type-a-swby\/\" target=\"_self\" title=\"Armored Profinet TYPE A SWBY\"><img loading=\"lazy\" decoding=\"async\" width=\"530\" height=\"456\" src=\"https:\/\/nordgroup.com.tr\/wp-content\/uploads\/2025\/07\/Untitled-1-71.webp\" class=\"attachment-full size-full wp-image-7021\" alt=\"\" \/><\/a>\n\t\t\t\t\t<\/div>\n\t\t\n\t\t\t\n\t\t\t<div class=\"uael-post__content-wrap uael-content-wrap-disabled\">\n\t\t\t\t\t\t\t<div class=\"uael-post__terms-wrap\"><span class=\"uael-post__terms\"><span class=\"uael-listing__terms-link\">Industrial Cables<\/span><\/span><\/div>\n\t\t\t\t\t\t<h3 class=\"uael-post__title\">\n\n\t\t\n\t\t\t\t\t\t<a href=\"https:\/\/nordgroup.com.tr\/en\/portfolio\/armored-profinet-type-a-swby\/\" target=\"_self\">\n\t\t\t\tArmored Profinet TYPE A SWBY\t\t\t<\/a>\n\n\t\t\t\t<\/h3>\n\t\t\t\t\t<\/div>\n\t\t\t\n\t\t<\/div>\n\t\t\n\t<\/div>\n\n<\/div>\n\n<div class=\"uael-post-wrapper\">\n\t<div class=\"uael-post__bg-wrap uael-bg-wrap-disabled\">\n\n\t\t\t\t\t<a href=\"https:\/\/nordgroup.com.tr\/en\/portfolio\/armored-profinet-flex-type-b-swby\/\" target=\"_self\" class=\"uael-post__complete-box-overlay\" aria-label=\"Link Complete Box\"><\/a>\n\t\t\t\t\n\t\t<div class=\"uael-post__inner-wrap uael-inner-wrap-disabled\">\n\n\t\t\t\t<div class=\"uael-post__thumbnail\">\n\t\t\t\n\t\t\t<a href=\"https:\/\/nordgroup.com.tr\/en\/portfolio\/armored-profinet-flex-type-b-swby\/\" target=\"_self\" title=\"Armored Profinet FLEX TYPE B SWBY\"><img loading=\"lazy\" decoding=\"async\" width=\"530\" height=\"456\" src=\"https:\/\/nordgroup.com.tr\/wp-content\/uploads\/2025\/07\/Untitled-1-copy-215.webp\" class=\"attachment-full size-full wp-image-7020\" alt=\"\" \/><\/a>\n\t\t\t\t\t<\/div>\n\t\t\n\t\t\t\n\t\t\t<div class=\"uael-post__content-wrap uael-content-wrap-disabled\">\n\t\t\t\t\t\t\t<div class=\"uael-post__terms-wrap\"><span class=\"uael-post__terms\"><span class=\"uael-listing__terms-link\">Industrial Cables<\/span><\/span><\/div>\n\t\t\t\t\t\t<h3 class=\"uael-post__title\">\n\n\t\t\n\t\t\t\t\t\t<a href=\"https:\/\/nordgroup.com.tr\/en\/portfolio\/armored-profinet-flex-type-b-swby\/\" target=\"_self\">\n\t\t\t\tArmored Profinet FLEX TYPE B SWBY\t\t\t<\/a>\n\n\t\t\t\t<\/h3>\n\t\t\t\t\t<\/div>\n\t\t\t\n\t\t<\/div>\n\t\t\n\t<\/div>\n\n<\/div>\n\n<div class=\"uael-post-wrapper\">\n\t<div class=\"uael-post__bg-wrap uael-bg-wrap-disabled\">\n\n\t\t\t\t\t<a href=\"https:\/\/nordgroup.com.tr\/en\/portfolio\/profibus-pa-flex\/\" target=\"_self\" class=\"uael-post__complete-box-overlay\" aria-label=\"Link Complete Box\"><\/a>\n\t\t\t\t\n\t\t<div class=\"uael-post__inner-wrap uael-inner-wrap-disabled\">\n\n\t\t\t\t<div class=\"uael-post__thumbnail\">\n\t\t\t\n\t\t\t<a href=\"https:\/\/nordgroup.com.tr\/en\/portfolio\/profibus-pa-flex\/\" target=\"_self\" title=\"Profibus PA FLEX\"><img loading=\"lazy\" decoding=\"async\" width=\"530\" height=\"456\" src=\"https:\/\/nordgroup.com.tr\/wp-content\/uploads\/2025\/07\/Untitled-1-copy-226.webp\" class=\"attachment-full size-full wp-image-7035\" alt=\"\" \/><\/a>\n\t\t\t\t\t<\/div>\n\t\t\n\t\t\t\n\t\t\t<div class=\"uael-post__content-wrap uael-content-wrap-disabled\">\n\t\t\t\t\t\t\t<div class=\"uael-post__terms-wrap\"><span class=\"uael-post__terms\"><span class=\"uael-listing__terms-link\">Industrial Cables<\/span><\/span><\/div>\n\t\t\t\t\t\t<h3 class=\"uael-post__title\">\n\n\t\t\n\t\t\t\t\t\t<a href=\"https:\/\/nordgroup.com.tr\/en\/portfolio\/profibus-pa-flex\/\" target=\"_self\">\n\t\t\t\tProfibus PA FLEX\t\t\t<\/a>\n\n\t\t\t\t<\/h3>\n\t\t\t\t\t<\/div>\n\t\t\t\n\t\t<\/div>\n\t\t\n\t<\/div>\n\n<\/div>\n\t\t\t\t<\/div>\n\t\t\t\t\t\t<div class=\"uael-post-inf-loader\">\n\t\t\t\t<div class=\"uael-post-loader-1\"><\/div>\n\t\t\t\t<div class=\"uael-post-loader-2\"><\/div>\n\t\t\t\t<div class=\"uael-post-loader-3\"><\/div>\n\t\t\t<\/div>\n\t\t\t\t\t\t\n\t\t<\/div>\n\n\t\t\t\t\t\t<\/div>\n\t\t<div class=\"uael-post__footer\">\n\t\t\t\t\t\t<nav class=\"uael-grid-pagination\" style=\"display:none;\" role=\"navigation\" aria-label=\"Pagination\" data-total=\"3\" data-next-page=\"2\">\n\t\t\t\t\t\t\t<\/nav>\n\t\t\t\t\t<\/div>\n\t\t\t\t\t\t<\/div>\n\t\t\t\t<\/div>\n\t\t\t\t\t<\/div>\n\t\t<\/div>\n\t\t\t\t\t<\/div>\n\t\t<\/section>\n\t\t\t\t<\/div>","protected":false},"excerpt":{"rendered":"<p>End\u00fcstriyel Kablolar RS-485 (LI2Y(St)CY-TP) End\u00fcstriyel Kablolar Profinet TYPE A End\u00fcstriyel Kablolar Armored Profinet FLEX TYPE B End\u00fcstriyel Kablolar Armored Profinet TYPE A SWBY End\u00fcstriyel Kablolar Armored Profinet FLEX TYPE B SWBY End\u00fcstriyel Kablolar Prof\u0131bus PA FLEX<\/p>","protected":false},"author":1,"featured_media":0,"parent":5690,"menu_order":104,"comment_status":"closed","ping_status":"closed","template":"","meta":{"footnotes":""},"class_list":["post-6509","page","type-page","status-publish","hentry"],"_links":{"self":[{"href":"https:\/\/nordgroup.com.tr\/en\/wp-json\/wp\/v2\/pages\/6509","targetHints":{"allow":["GET"]}}],"collection":[{"href":"https:\/\/nordgroup.com.tr\/en\/wp-json\/wp\/v2\/pages"}],"about":[{"href":"https:\/\/nordgroup.com.tr\/en\/wp-json\/wp\/v2\/types\/page"}],"author":[{"embeddable":true,"href":"https:\/\/nordgroup.com.tr\/en\/wp-json\/wp\/v2\/users\/1"}],"replies":[{"embeddable":true,"href":"https:\/\/nordgroup.com.tr\/en\/wp-json\/wp\/v2\/comments?post=6509"}],"version-history":[{"count":1,"href":"https:\/\/nordgroup.com.tr\/en\/wp-json\/wp\/v2\/pages\/6509\/revisions"}],"predecessor-version":[{"id":7163,"href":"https:\/\/nordgroup.com.tr\/en\/wp-json\/wp\/v2\/pages\/6509\/revisions\/7163"}],"up":[{"embeddable":true,"href":"https:\/\/nordgroup.com.tr\/en\/wp-json\/wp\/v2\/pages\/5690"}],"wp:attachment":[{"href":"https:\/\/nordgroup.com.tr\/en\/wp-json\/wp\/v2\/media?parent=6509"}],"curies":[{"name":"wp","href":"https:\/\/api.w.org\/{rel}","templated":true}]}}