{"id":6513,"date":"2025-07-26T03:07:48","date_gmt":"2025-07-26T00:07:48","guid":{"rendered":"https:\/\/nordgroup.com.tr\/?page_id=6513"},"modified":"2025-07-30T15:08:45","modified_gmt":"2025-07-30T12:08:45","slug":"telecommunication-cables","status":"publish","type":"page","link":"https:\/\/nordgroup.com.tr\/en\/our-products\/cables\/telecommunication-cables\/","title":{"rendered":"Telecommunication Cables"},"content":{"rendered":"<div data-elementor-type=\"wp-page\" data-elementor-id=\"6513\" class=\"elementor elementor-6513\">\n\t\t\t\t\t\t<section class=\"elementor-section elementor-top-section elementor-element elementor-element-adf5f64 elementor-section-boxed elementor-section-height-default elementor-section-height-default\" data-id=\"adf5f64\" data-element_type=\"section\" data-e-type=\"section\">\n\t\t\t\t\t\t<div class=\"elementor-container elementor-column-gap-default\">\n\t\t\t\t\t<div class=\"elementor-column elementor-col-100 elementor-top-column elementor-element elementor-element-c36a390\" data-id=\"c36a390\" data-element_type=\"column\" data-e-type=\"column\">\n\t\t\t<div class=\"elementor-widget-wrap elementor-element-populated\">\n\t\t\t\t\t\t<div class=\"elementor-element elementor-element-ff25873 uael-post__link-complete-yes uael-equal__height-yes uael-posts-thumbnail-ratio elementor-widget elementor-widget-uael-posts\" data-id=\"ff25873\" data-element_type=\"widget\" data-e-type=\"widget\" data-settings=\"{&quot;classic_slides_to_show_mobile&quot;:2,&quot;classic_slides_to_show&quot;:3,&quot;classic_slides_to_show_tablet&quot;:2,&quot;classic_show_filters&quot;:&quot;no&quot;}\" data-widget_type=\"uael-posts.classic\">\n\t\t\t\t<div class=\"elementor-widget-container\">\n\t\t\t\t\t\t\t<div class=\"uael-post__header\">\n\t\t\t\t\t<\/div>\n\t\t<div class=\"uael-post__body\">\n\t\t\t\n\t\t\n\t\t<div class=\"uael-blog-terms-position-above_content uael-post-image-top uael-post-grid uael-posts\" data-query-type=\"custom\" data-structure=\"normal\" data-layout=\"\" data-page=\"6513\" data-skin=\"classic\" data-filter-default=\"\" data-offset-top=\"30\" >\n\n\t\t\t\t\t\t\t<div class=\"uael-post-grid__inner uael-post__columns-3 uael-post__columns-tablet-2 uael-post__columns-mobile-2 uael-post-infinite-scroll uael-post-infinite__event-scroll\">\n\t\t\t\n<div class=\"uael-post-wrapper\">\n\t<div class=\"uael-post__bg-wrap uael-bg-wrap-disabled\">\n\n\t\t\t\t\t<a href=\"https:\/\/nordgroup.com.tr\/en\/portfolio\/a-2yl2y-plastic-insulated-telecommunication-cable-for-local-area-networks\/\" target=\"_self\" class=\"uael-post__complete-box-overlay\" aria-label=\"Link Complete Box\"><\/a>\n\t\t\t\t\n\t\t<div class=\"uael-post__inner-wrap uael-inner-wrap-disabled\">\n\n\t\t\t\t<div class=\"uael-post__thumbnail\">\n\t\t\t\n\t\t\t<a href=\"https:\/\/nordgroup.com.tr\/en\/portfolio\/a-2yl2y-plastic-insulated-telecommunication-cable-for-local-area-networks\/\" target=\"_self\" title=\"A-2Y(L)2Y &#8211; Plastik \u0130zoleli Telekom\u00fcnikasyon Kablosu (Yerel A\u011flar \u0130\u00e7in)\"><img loading=\"lazy\" decoding=\"async\" width=\"530\" height=\"456\" src=\"https:\/\/nordgroup.com.tr\/wp-content\/uploads\/2025\/07\/Untitled-1-copy-228.webp\" class=\"attachment-full size-full wp-image-7042\" alt=\"\" \/><\/a>\n\t\t\t\t\t<\/div>\n\t\t\n\t\t\t\n\t\t\t<div class=\"uael-post__content-wrap uael-content-wrap-disabled\">\n\t\t\t\t\t\t\t<div class=\"uael-post__terms-wrap\"><span class=\"uael-post__terms\"><span class=\"uael-listing__terms-link\">Cables<\/span><\/span><\/div>\n\t\t\t\t\t\t<h3 class=\"uael-post__title\">\n\n\t\t\n\t\t\t\t\t\t<a href=\"https:\/\/nordgroup.com.tr\/en\/portfolio\/a-2yl2y-plastic-insulated-telecommunication-cable-for-local-area-networks\/\" target=\"_self\">\n\t\t\t\tA-2Y(L)2Y - Plastic Insulated Telecommunication Cable (For Local Area Networks)\t\t\t<\/a>\n\n\t\t\t\t<\/h3>\n\t\t\t\t\t<\/div>\n\t\t\t\n\t\t<\/div>\n\t\t\n\t<\/div>\n\n<\/div>\n\n<div class=\"uael-post-wrapper\">\n\t<div class=\"uael-post__bg-wrap uael-bg-wrap-disabled\">\n\n\t\t\t\t\t<a href=\"https:\/\/nordgroup.com.tr\/en\/portfolio\/yysch-pvc-insulated-telecommunication-cable\/\" target=\"_self\" class=\"uael-post__complete-box-overlay\" aria-label=\"Link Complete Box\"><\/a>\n\t\t\t\t\n\t\t<div class=\"uael-post__inner-wrap uael-inner-wrap-disabled\">\n\n\t\t\t\t<div class=\"uael-post__thumbnail\">\n\t\t\t\n\t\t\t<a href=\"https:\/\/nordgroup.com.tr\/en\/portfolio\/yysch-pvc-insulated-telecommunication-cable\/\" target=\"_self\" title=\"YYSch &#8211; PVC \u0130zoleli Telekom\u00fcnikasyon Kablosu\"><img loading=\"lazy\" decoding=\"async\" width=\"530\" height=\"456\" src=\"https:\/\/nordgroup.com.tr\/wp-content\/uploads\/2025\/07\/Untitled-1-copy-240.webp\" class=\"attachment-full size-full wp-image-7068\" alt=\"\" \/><\/a>\n\t\t\t\t\t<\/div>\n\t\t\n\t\t\t\n\t\t\t<div class=\"uael-post__content-wrap uael-content-wrap-disabled\">\n\t\t\t\t\t\t\t<div class=\"uael-post__terms-wrap\"><span class=\"uael-post__terms\"><span class=\"uael-listing__terms-link\">Cables<\/span><\/span><\/div>\n\t\t\t\t\t\t<h3 class=\"uael-post__title\">\n\n\t\t\n\t\t\t\t\t\t<a href=\"https:\/\/nordgroup.com.tr\/en\/portfolio\/yysch-pvc-insulated-telecommunication-cable\/\" target=\"_self\">\n\t\t\t\tYYSch - PVC Insulated Telecommunication Cable\t\t\t<\/a>\n\n\t\t\t\t<\/h3>\n\t\t\t\t\t<\/div>\n\t\t\t\n\t\t<\/div>\n\t\t\n\t<\/div>\n\n<\/div>\n\n<div class=\"uael-post-wrapper\">\n\t<div class=\"uael-post__bg-wrap uael-bg-wrap-disabled\">\n\n\t\t\t\t\t<a href=\"https:\/\/nordgroup.com.tr\/en\/portfolio\/yr-pvc-insulated-telecommunication-cable\/\" target=\"_self\" class=\"uael-post__complete-box-overlay\" aria-label=\"Link Complete Box\"><\/a>\n\t\t\t\t\n\t\t<div class=\"uael-post__inner-wrap uael-inner-wrap-disabled\">\n\n\t\t\t\t<div class=\"uael-post__thumbnail\">\n\t\t\t\n\t\t\t<a href=\"https:\/\/nordgroup.com.tr\/en\/portfolio\/yr-pvc-insulated-telecommunication-cable\/\" target=\"_self\" title=\"YR &#8211; PVC \u0130zoleli Telekom\u00fcnikasyon Kablosu\"><img loading=\"lazy\" decoding=\"async\" width=\"530\" height=\"456\" src=\"https:\/\/nordgroup.com.tr\/wp-content\/uploads\/2025\/07\/Untitled-1-copy-239.webp\" class=\"attachment-full size-full wp-image-7066\" alt=\"\" \/><\/a>\n\t\t\t\t\t<\/div>\n\t\t\n\t\t\t\n\t\t\t<div class=\"uael-post__content-wrap uael-content-wrap-disabled\">\n\t\t\t\t\t\t\t<div class=\"uael-post__terms-wrap\"><span class=\"uael-post__terms\"><span class=\"uael-listing__terms-link\">Cables<\/span><\/span><\/div>\n\t\t\t\t\t\t<h3 class=\"uael-post__title\">\n\n\t\t\n\t\t\t\t\t\t<a href=\"https:\/\/nordgroup.com.tr\/en\/portfolio\/yr-pvc-insulated-telecommunication-cable\/\" target=\"_self\">\n\t\t\t\tYR - PVC Insulated Telecommunication Cable\t\t\t<\/a>\n\n\t\t\t\t<\/h3>\n\t\t\t\t\t<\/div>\n\t\t\t\n\t\t<\/div>\n\t\t\n\t<\/div>\n\n<\/div>\n\n<div class=\"uael-post-wrapper\">\n\t<div class=\"uael-post__bg-wrap uael-bg-wrap-disabled\">\n\n\t\t\t\t\t<a href=\"https:\/\/nordgroup.com.tr\/en\/portfolio\/j-ysty-telecommunication-installation-cable\/\" target=\"_self\" class=\"uael-post__complete-box-overlay\" aria-label=\"Link Complete Box\"><\/a>\n\t\t\t\t\n\t\t<div class=\"uael-post__inner-wrap uael-inner-wrap-disabled\">\n\n\t\t\t\t<div class=\"uael-post__thumbnail\">\n\t\t\t\n\t\t\t<a href=\"https:\/\/nordgroup.com.tr\/en\/portfolio\/j-ysty-telecommunication-installation-cable\/\" target=\"_self\" title=\"J-Y(ST)Y &#8211; Telekom\u00fcnikasyon Tesisat Kablosu\"><img loading=\"lazy\" decoding=\"async\" width=\"530\" height=\"456\" src=\"https:\/\/nordgroup.com.tr\/wp-content\/uploads\/2025\/07\/Untitled-1-copy-238.webp\" class=\"attachment-full size-full wp-image-7064\" alt=\"\" \/><\/a>\n\t\t\t\t\t<\/div>\n\t\t\n\t\t\t\n\t\t\t<div class=\"uael-post__content-wrap uael-content-wrap-disabled\">\n\t\t\t\t\t\t\t<div class=\"uael-post__terms-wrap\"><span class=\"uael-post__terms\"><span class=\"uael-listing__terms-link\">Cables<\/span><\/span><\/div>\n\t\t\t\t\t\t<h3 class=\"uael-post__title\">\n\n\t\t\n\t\t\t\t\t\t<a href=\"https:\/\/nordgroup.com.tr\/en\/portfolio\/j-ysty-telecommunication-installation-cable\/\" target=\"_self\">\n\t\t\t\tJ-Y(ST)Y - Telecommunication Installation Cable\t\t\t<\/a>\n\n\t\t\t\t<\/h3>\n\t\t\t\t\t<\/div>\n\t\t\t\n\t\t<\/div>\n\t\t\n\t<\/div>\n\n<\/div>\n\n<div class=\"uael-post-wrapper\">\n\t<div class=\"uael-post__bg-wrap uael-bg-wrap-disabled\">\n\n\t\t\t\t\t<a href=\"https:\/\/nordgroup.com.tr\/en\/portfolio\/f-spring-telecommunication-installation-cable\/\" target=\"_self\" class=\"uael-post__complete-box-overlay\" aria-label=\"Link Complete Box\"><\/a>\n\t\t\t\t\n\t\t<div class=\"uael-post__inner-wrap uael-inner-wrap-disabled\">\n\n\t\t\t\t<div class=\"uael-post__thumbnail\">\n\t\t\t\n\t\t\t<a href=\"https:\/\/nordgroup.com.tr\/en\/portfolio\/f-spring-telecommunication-installation-cable\/\" target=\"_self\" title=\"F-YAY &#8211; Telekom\u00fcnikasyon Tesisat Kablosu\"><img loading=\"lazy\" decoding=\"async\" width=\"530\" height=\"456\" src=\"https:\/\/nordgroup.com.tr\/wp-content\/uploads\/2025\/07\/Untitled-1-copy-237.webp\" class=\"attachment-full size-full wp-image-7061\" alt=\"\" \/><\/a>\n\t\t\t\t\t<\/div>\n\t\t\n\t\t\t\n\t\t\t<div class=\"uael-post__content-wrap uael-content-wrap-disabled\">\n\t\t\t\t\t\t\t<div class=\"uael-post__terms-wrap\"><span class=\"uael-post__terms\"><span class=\"uael-listing__terms-link\">Cables<\/span><\/span><\/div>\n\t\t\t\t\t\t<h3 class=\"uael-post__title\">\n\n\t\t\n\t\t\t\t\t\t<a href=\"https:\/\/nordgroup.com.tr\/en\/portfolio\/f-spring-telecommunication-installation-cable\/\" target=\"_self\">\n\t\t\t\tF-BOW - Telecommunication Installation Cable\t\t\t<\/a>\n\n\t\t\t\t<\/h3>\n\t\t\t\t\t<\/div>\n\t\t\t\n\t\t<\/div>\n\t\t\n\t<\/div>\n\n<\/div>\n\n<div class=\"uael-post-wrapper\">\n\t<div class=\"uael-post__bg-wrap uael-bg-wrap-disabled\">\n\n\t\t\t\t\t<a href=\"https:\/\/nordgroup.com.tr\/en\/portfolio\/f-vydvy-phone-modem-cable-btx-cable\/\" target=\"_self\" class=\"uael-post__complete-box-overlay\" aria-label=\"Link Complete Box\"><\/a>\n\t\t\t\t\n\t\t<div class=\"uael-post__inner-wrap uael-inner-wrap-disabled\">\n\n\t\t\t\t<div class=\"uael-post__thumbnail\">\n\t\t\t\n\t\t\t<a href=\"https:\/\/nordgroup.com.tr\/en\/portfolio\/f-vydvy-phone-modem-cable-btx-cable\/\" target=\"_self\" title=\"F-vYDvY &#8211; Telefon\/Modem Kablosu (BTX Kablo)\"><img loading=\"lazy\" decoding=\"async\" width=\"530\" height=\"456\" src=\"https:\/\/nordgroup.com.tr\/wp-content\/uploads\/2025\/07\/Untitled-1-copy-235.webp\" class=\"attachment-full size-full wp-image-7058\" alt=\"\" \/><\/a>\n\t\t\t\t\t<\/div>\n\t\t\n\t\t\t\n\t\t\t<div class=\"uael-post__content-wrap uael-content-wrap-disabled\">\n\t\t\t\t\t\t\t<div class=\"uael-post__terms-wrap\"><span class=\"uael-post__terms\"><span class=\"uael-listing__terms-link\">Cables<\/span><\/span><\/div>\n\t\t\t\t\t\t<h3 class=\"uael-post__title\">\n\n\t\t\n\t\t\t\t\t\t<a href=\"https:\/\/nordgroup.com.tr\/en\/portfolio\/f-vydvy-phone-modem-cable-btx-cable\/\" target=\"_self\">\n\t\t\t\tF-vYDvY - Telephone\/Modem Cable (BTX Cable)\t\t\t<\/a>\n\n\t\t\t\t<\/h3>\n\t\t\t\t\t<\/div>\n\t\t\t\n\t\t<\/div>\n\t\t\n\t<\/div>\n\n<\/div>\n\t\t\t\t<\/div>\n\t\t\t\t\t\t<div class=\"uael-post-inf-loader\">\n\t\t\t\t<div class=\"uael-post-loader-1\"><\/div>\n\t\t\t\t<div class=\"uael-post-loader-2\"><\/div>\n\t\t\t\t<div class=\"uael-post-loader-3\"><\/div>\n\t\t\t<\/div>\n\t\t\t\t\t\t\n\t\t<\/div>\n\n\t\t\t\t\t\t<\/div>\n\t\t<div class=\"uael-post__footer\">\n\t\t\t\t\t\t<nav class=\"uael-grid-pagination\" style=\"display:none;\" role=\"navigation\" aria-label=\"Pagination\" data-total=\"2\" data-next-page=\"2\">\n\t\t\t\t\t\t\t<\/nav>\n\t\t\t\t\t<\/div>\n\t\t\t\t\t\t<\/div>\n\t\t\t\t<\/div>\n\t\t\t\t\t<\/div>\n\t\t<\/div>\n\t\t\t\t\t<\/div>\n\t\t<\/section>\n\t\t\t\t<\/div>","protected":false},"excerpt":{"rendered":"<p>Kablolar A-2Y(L)2Y &#8211; Plastik \u0130zoleli Telekom\u00fcnikasyon Kablosu (Yerel A\u011flar \u0130\u00e7in) Kablolar YYSch &#8211; PVC \u0130zoleli Telekom\u00fcnikasyon Kablosu Kablolar YR &#8211; PVC \u0130zoleli Telekom\u00fcnikasyon Kablosu Kablolar J-Y(ST)Y &#8211; Telekom\u00fcnikasyon Tesisat Kablosu Kablolar F-YAY &#8211; Telekom\u00fcnikasyon Tesisat Kablosu Kablolar F-vYDvY &#8211; Telefon\/Modem Kablosu&#8230;<\/p>","protected":false},"author":1,"featured_media":0,"parent":5690,"menu_order":112,"comment_status":"closed","ping_status":"closed","template":"","meta":{"footnotes":""},"class_list":["post-6513","page","type-page","status-publish","hentry"],"_links":{"self":[{"href":"https:\/\/nordgroup.com.tr\/en\/wp-json\/wp\/v2\/pages\/6513","targetHints":{"allow":["GET"]}}],"collection":[{"href":"https:\/\/nordgroup.com.tr\/en\/wp-json\/wp\/v2\/pages"}],"about":[{"href":"https:\/\/nordgroup.com.tr\/en\/wp-json\/wp\/v2\/types\/page"}],"author":[{"embeddable":true,"href":"https:\/\/nordgroup.com.tr\/en\/wp-json\/wp\/v2\/users\/1"}],"replies":[{"embeddable":true,"href":"https:\/\/nordgroup.com.tr\/en\/wp-json\/wp\/v2\/comments?post=6513"}],"version-history":[{"count":1,"href":"https:\/\/nordgroup.com.tr\/en\/wp-json\/wp\/v2\/pages\/6513\/revisions"}],"predecessor-version":[{"id":7176,"href":"https:\/\/nordgroup.com.tr\/en\/wp-json\/wp\/v2\/pages\/6513\/revisions\/7176"}],"up":[{"embeddable":true,"href":"https:\/\/nordgroup.com.tr\/en\/wp-json\/wp\/v2\/pages\/5690"}],"wp:attachment":[{"href":"https:\/\/nordgroup.com.tr\/en\/wp-json\/wp\/v2\/media?parent=6513"}],"curies":[{"name":"wp","href":"https:\/\/api.w.org\/{rel}","templated":true}]}}